{"id":15,"date":"2010-07-23T00:37:50","date_gmt":"2010-07-22T22:37:50","guid":{"rendered":"https:\/\/www.hypnosinstitutet.com\/sv"},"modified":"2026-03-22T22:49:06","modified_gmt":"2026-03-22T20:49:06","slug":"det-undermedvetna","status":"publish","type":"page","link":"https:\/\/www.hypnosinstitutet.com\/sv\/det-undermedvetna","title":{"rendered":"Det undermedvetna"},"content":{"rendered":"<h1>Ditt undermedvetna \u00e4r vad du <em>verkligen<\/em> \u00e4r<\/h1>\n<p>N\u00e4r du t\u00e4nker p\u00e5 dig sj\u00e4lv \u00e4r det genom ditt medvetna sinne (jfr engelskans mind), d v s den delen du \u00e4r fullt medveten om, har kontroll \u00f6ver och anser vara ditt riktiga &#8221;jag&#8221;. Men den st\u00f6rsta och mest dominanta delen av sinnet \u00e4r den du \u00e4r generellt omedveten om: ditt undermedvetna.<\/p>\n<p>\u00c4ven om det kan verka som om ditt medvetna jag har kontroll \u00f6ver besluten du fattar s\u00e5 \u00e4r det styrt av beg\u00e4ren fr\u00e5n ditt undermedvetna, som \u00e4r ditt riktiga jag. Inte f\u00f6rr\u00e4n du l\u00e4r dig att f\u00f6rst\u00e5 det, kommer du att kunna k\u00e4nna eller f\u00f6rst\u00e5 dig sj\u00e4lv.<\/p>\n<h2>Det undermedvetna \u00e4r s\u00e4tet f\u00f6r k\u00e4nslorna<\/h2>\n<p>D\u00e4r finns allt minne, intuition, fantasi och vanor. Det styr \u00e4ven alla kroppsliga funktioner och det autonoma nervsystemet. Det undermedvetna \u00e4r ett existerande sinne som bara finns i nuet, under trans drar vi nytta av detta.<\/p>\n<p><strong>Vi tillbringar v\u00e5ra liv att g\u00f6ra det vi k\u00e4nner f\u00f6r att g\u00f6ra<\/strong><\/p>\n<p>Trots att vi har fri vilja att g\u00f6ra vad vi vill baserar vi v\u00e5ra beslut p\u00e5 styrkan av v\u00e5ra beg\u00e4r\/behov, och undermedvetna s\u00e5dana \u00f6verv\u00e4ger alltid de medvetna. Eftersom det undermedvetna \u00e4r s\u00e4tet f\u00f6r alla k\u00e4nslor g\u00e5r det heller aldrig att lura det n\u00e4r du \u00f6nskar uppn\u00e5 n\u00e5got genom exempelvis sj\u00e4lvhypnos. Motivationen m\u00e5ste vara \u00e4kta och &#8221;finnas d\u00e4r&#8221;.<\/p>\n<p>Exempel 1: T\u00e4nk dig att du befinner dig p\u00e5 bakg\u00e5rden till ditt lantst\u00e4lle en het sommardag (35\u00b0C i skuggan). Om du hypnotiserar dig sj\u00e4lv och talar om f\u00f6r ditt undermedvetna att idag ska det f\u00e5 dig att gr\u00e4va ett tv\u00e5 meter djupt h\u00e5l f\u00f6r att f\u00e5 f\u00e4rdigt arbetet till din swimming-pool, kommer du knappast f\u00e5 n\u00e5got samarbete fr\u00e5n ditt undermedvetna eftersom det vet att du inte har ett \u00e4kta behov att arbeta h\u00e5rt fysiskt denna heta dag. D\u00e4remot om du p\u00e5 ett konstruktivt s\u00e4tt talar om f\u00f6r ditt undermedvetna att du vill \u00f6ka din inkomst, och verkligen menar det, kommer det att arbeta dag och natt, \u00e4ven n\u00e4r du sover, f\u00f6r att uppfylla denna \u00f6nskan. Det undermedvetna tar aldrig paus.<\/p>\n<p>N\u00e4r ditt undermedvetna programmeras p\u00e5 ett korrekt och konstruktivt s\u00e4tt mot ett m\u00e5l du vill uppn\u00e5, med daglig f\u00f6rst\u00e4rkning, s\u00e5 ger det aldrig upp f\u00f6rr\u00e4n det n\u00e5tt dit (till skillnad mot det medvetna som g\u00e5r p\u00e5 viljestyrka \u2013 vilket ofta resulterar i att vi ger upp f\u00f6r tidigt).<\/p>\n<p><strong>Vi styrs av undermedvetna fixerade id\u00e9er<\/strong><\/p>\n<p>Exempel 2: En man skulle g\u00e4rna vilja ligga kvar i sin varma s\u00e4ng en tidig, kall vinterm\u00e5ndagsmorgon ist\u00e4llet f\u00f6r att g\u00e5 upp och g\u00e5 till arbetet. Fast om hans undermedvetna har etablerat ett behov att vilja g\u00e5 upp f\u00f6r att slippa f\u00f6rlora sitt arbete, kommer han att agera till synes mot sin vilja. Han kommer att g\u00e5 upp trots det hemska v\u00e4dret.<\/p>\n<p>Trots att v\u00e5rt medvetna sinne har m\u00f6jligheten att resonera m\u00e5lmedvetet och best\u00e4mma kursen mot det vi vill uppn\u00e5 kan det inte implementera dess beslut om inte det undermedvetna \u00e4r med p\u00e5 noterna och styr sitt beslut mot det m\u00e5let. V\u00e5r kraftk\u00e4lla \u00e4r det undermedvetna. Ingen forcerad m\u00e4ngd viljestyrka fr\u00e5n det medvetna kan \u00e5sidos\u00e4tta det. Viljestyrka skrapar endast p\u00e5 ytan. (Mer om detta kan du l\u00e4sa under <a title=\"F\u00f6r\u00e4ndring\" href=\"https:\/\/www.hypnosinstitutet.com\/forandring\" target=\"_blank\" rel=\"noopener\">f\u00f6r\u00e4ndring<\/a>.) Det \u00e4r en enorm kraft vi besitter i v\u00e5rt undermedvetna och det \u00e4r vi som m\u00e5ste ta kontrollen och dirigera det dit vi vill \u2013 inte tv\u00e4rtom, eftersom det undermedvetna inte har n\u00e5gon som helst radark\u00e4nning f\u00f6r vad som \u00e4r positivt och v\u00e4lg\u00f6rande f\u00f6r oss.<\/p>\n<p>V\u00e5rt undermedvetna \u00e4r designat att lyda och ta order fr\u00e5n v\u00e5rt medvetna, det \u00e4r menat att vara v\u00e5r lydiga tj\u00e4nare. Det g\u00f6r en mycket d\u00e5lig ledare eftersom det \u00e4r helt inkapabelt att v\u00e4lja ett passande m\u00e5l. Det \u00e4r som en h\u00e5rt sprutande h\u00f6gtrycksslang, i h\u00e4nderna p\u00e5 en skicklig brandman sl\u00e4cker den elden och r\u00e4ddar liv och fastigheter. Fast om brandmannen vore okoncentrerad och tappade taget skulle det ha en splittrande effekt, f\u00e5 honom omkullkastad och orsaka en massa skada.<\/p>\n<h3>Det undermedvetna \u00e4r inte designat att t\u00e4nka utan att svara p\u00e5 de befallningar vi ger det och agera ut dessa<\/h3>\n<p>Det undermedvetna fungerar som en minnesbank: Det agerar efter hur det blivit programmerat, precis som en dator g\u00f6r. Datorn har dock den f\u00f6rdelen att den kan matas in med viss information fr\u00e5n en diskett och agera d\u00e4refter, sedan kan disketten tas ut och vips s\u00e5 \u00e4r minnet borta och man kan sedan eventuellt mata in en ny diskett med ny programmering\/information. Trots att v\u00e5rt undermedvetna prestandam\u00e4ssigt \u00e4r vida \u00f6verl\u00e4gset vilken dator som helst i v\u00e4rlden s\u00e5 \u00e4r nackdelen den, att all information som en g\u00e5ng kommit in sitter kvar f\u00f6r alltid. Det \u00e4r som ett permanent basminne som aldrig kan raderas och d\u00e4rf\u00f6r \u00e4r det viktigt att vi l\u00e4r oss styra det r\u00e4tt s\u00e5 att det arbetar f\u00f6r oss, f\u00f6r v\u00e5r vinning och inte mot oss.<\/p>\n<p>Ta herrav\u00e4ldet \u00f6ver ditt undermedvetna, l\u00e5t det arbeta f\u00f6r dig och bli en vinnare i livet.<\/p>\n<p>Det du just l\u00e4st \u00e4r grunden f\u00f6r allt arbete som sker p\u00e5 Hypnosinstitutet. H\u00e5kan K\u00e4llving \u00e4r Nordens ledande specialist p\u00e5 att arbeta med det undermedvetna \u2014 och har hj\u00e4lpt hundratals m\u00e4nniskor att ta just det herrav\u00e4ldet.<\/p>\n<p style=\"text-align: center;\">Ring och ber\u00e4tta hur det ser ut f\u00f6r dig: &#x1f4de;<\/p>\n<p style=\"text-align: center; margin-top: 20px;\"><a style=\"display: inline-block; padding: 14px 28px; background-color: #000; color: #fff; text-decoration: none; font-size: 18px;\" href=\"tel:086002900\"><strong>08-600 29 00<\/strong><\/a><\/p>\n<p style=\"text-align: center; margin-top: 20px; font-size: 14px;\">Hypnosinstitutet varken behandlar, diagnostiserar eller f\u00f6reskriver. Hypnosterapi ers\u00e4tter inte kontakt med legitimerad h\u00e4lso- och sjukv\u00e5rdspersonal.<\/p>\n","protected":false},"excerpt":{"rendered":"<p>Ditt undermedvetna \u00e4r vad du verkligen \u00e4r N\u00e4r du t\u00e4nker p\u00e5 dig sj\u00e4lv \u00e4r det genom ditt medvetna sinne (jfr engelskans mind), d v s den delen du \u00e4r fullt medveten om, har kontroll \u00f6ver och anser vara ditt riktiga &#8221;jag&#8221;. Men den st\u00f6rsta och mest dominanta delen av sinnet \u00e4r den du \u00e4r generellt&#8230;<\/p>\n","protected":false},"author":1,"featured_media":0,"parent":0,"menu_order":3,"comment_status":"closed","ping_status":"closed","template":"","meta":{"footnotes":""},"class_list":["post-15","page","type-page","status-publish","hentry"],"yoast_head":"<!-- This site is optimized with the Yoast SEO plugin v27.4 - https:\/\/yoast.com\/product\/yoast-seo-wordpress\/ -->\n<title>Det undermedvetna - Hypnosinstitutet i Stockholm<\/title>\n<meta name=\"robots\" content=\"index, follow, max-snippet:-1, max-image-preview:large, max-video-preview:-1\" \/>\n<link rel=\"canonical\" href=\"https:\/\/www.hypnosinstitutet.com\/sv\/det-undermedvetna\" \/>\n<meta property=\"og:locale\" content=\"sv_SE\" \/>\n<meta property=\"og:type\" content=\"article\" \/>\n<meta property=\"og:title\" content=\"Det undermedvetna - Hypnosinstitutet i Stockholm\" \/>\n<meta property=\"og:description\" content=\"Ditt undermedvetna \u00e4r vad du verkligen \u00e4r N\u00e4r du t\u00e4nker p\u00e5 dig sj\u00e4lv \u00e4r det genom ditt medvetna sinne (jfr engelskans mind), d v s den delen du \u00e4r fullt medveten om, har kontroll \u00f6ver och anser vara ditt riktiga &#8221;jag&#8221;. Men den st\u00f6rsta och mest dominanta delen av sinnet \u00e4r den du \u00e4r generellt...\" \/>\n<meta property=\"og:url\" content=\"https:\/\/www.hypnosinstitutet.com\/sv\/det-undermedvetna\" \/>\n<meta property=\"og:site_name\" content=\"Hypnosinstitutet i Stockholm\" \/>\n<meta property=\"article:modified_time\" content=\"2026-03-22T20:49:06+00:00\" \/>\n<meta name=\"twitter:card\" content=\"summary_large_image\" \/>\n<meta name=\"twitter:label1\" content=\"Ber\u00e4knad l\u00e4stid\" \/>\n\t<meta name=\"twitter:data1\" content=\"5 minuter\" \/>\n<script type=\"application\/ld+json\" class=\"yoast-schema-graph\">{\"@context\":\"https:\\\/\\\/schema.org\",\"@graph\":[{\"@type\":\"WebPage\",\"@id\":\"https:\\\/\\\/www.hypnosinstitutet.com\\\/sv\\\/det-undermedvetna\",\"url\":\"https:\\\/\\\/www.hypnosinstitutet.com\\\/sv\\\/det-undermedvetna\",\"name\":\"Det undermedvetna - Hypnosinstitutet i Stockholm\",\"isPartOf\":{\"@id\":\"https:\\\/\\\/www.hypnosinstitutet.com\\\/sv\\\/#website\"},\"datePublished\":\"2010-07-22T22:37:50+00:00\",\"dateModified\":\"2026-03-22T20:49:06+00:00\",\"breadcrumb\":{\"@id\":\"https:\\\/\\\/www.hypnosinstitutet.com\\\/sv\\\/det-undermedvetna#breadcrumb\"},\"inLanguage\":\"sv-SE\",\"potentialAction\":[{\"@type\":\"ReadAction\",\"target\":[\"https:\\\/\\\/www.hypnosinstitutet.com\\\/sv\\\/det-undermedvetna\"]}]},{\"@type\":\"BreadcrumbList\",\"@id\":\"https:\\\/\\\/www.hypnosinstitutet.com\\\/sv\\\/det-undermedvetna#breadcrumb\",\"itemListElement\":[{\"@type\":\"ListItem\",\"position\":1,\"name\":\"Hem\",\"item\":\"https:\\\/\\\/www.hypnosinstitutet.com\\\/sv\\\/\"},{\"@type\":\"ListItem\",\"position\":2,\"name\":\"Det undermedvetna\"}]},{\"@type\":\"WebSite\",\"@id\":\"https:\\\/\\\/www.hypnosinstitutet.com\\\/sv\\\/#website\",\"url\":\"https:\\\/\\\/www.hypnosinstitutet.com\\\/sv\\\/\",\"name\":\"Hypnosinstitutet\",\"description\":\"Hypnos &amp; sj\u00e4lvhypnos f\u00f6r personlig f\u00f6r\u00e4ndring\",\"publisher\":{\"@id\":\"https:\\\/\\\/www.hypnosinstitutet.com\\\/sv\\\/#\\\/schema\\\/person\\\/708ecc4150f6e100a36c97043a1a5d57\"},\"potentialAction\":[{\"@type\":\"SearchAction\",\"target\":{\"@type\":\"EntryPoint\",\"urlTemplate\":\"https:\\\/\\\/www.hypnosinstitutet.com\\\/sv\\\/?s={search_term_string}\"},\"query-input\":{\"@type\":\"PropertyValueSpecification\",\"valueRequired\":true,\"valueName\":\"search_term_string\"}}],\"inLanguage\":\"sv-SE\"},{\"@type\":[\"Person\",\"Organization\"],\"@id\":\"https:\\\/\\\/www.hypnosinstitutet.com\\\/sv\\\/#\\\/schema\\\/person\\\/708ecc4150f6e100a36c97043a1a5d57\",\"name\":\"H\u00e5kan K\u00e4llving\",\"image\":{\"@type\":\"ImageObject\",\"inLanguage\":\"sv-SE\",\"@id\":\"https:\\\/\\\/www.hypnosinstitutet.com\\\/sv\\\/wp-content\\\/uploads\\\/2016\\\/04\\\/IMG.jpg\",\"url\":\"https:\\\/\\\/www.hypnosinstitutet.com\\\/sv\\\/wp-content\\\/uploads\\\/2016\\\/04\\\/IMG.jpg\",\"contentUrl\":\"https:\\\/\\\/www.hypnosinstitutet.com\\\/sv\\\/wp-content\\\/uploads\\\/2016\\\/04\\\/IMG.jpg\",\"width\":2054,\"height\":2053,\"caption\":\"H\u00e5kan K\u00e4llving\"},\"logo\":{\"@id\":\"https:\\\/\\\/www.hypnosinstitutet.com\\\/sv\\\/wp-content\\\/uploads\\\/2016\\\/04\\\/IMG.jpg\"},\"sameAs\":[\"https:\\\/\\\/www.hypnosinstitutet.com\"]}]}<\/script>\n<!-- \/ Yoast SEO plugin. -->","yoast_head_json":{"title":"Det undermedvetna - Hypnosinstitutet i Stockholm","robots":{"index":"index","follow":"follow","max-snippet":"max-snippet:-1","max-image-preview":"max-image-preview:large","max-video-preview":"max-video-preview:-1"},"canonical":"https:\/\/www.hypnosinstitutet.com\/sv\/det-undermedvetna","og_locale":"sv_SE","og_type":"article","og_title":"Det undermedvetna - Hypnosinstitutet i Stockholm","og_description":"Ditt undermedvetna \u00e4r vad du verkligen \u00e4r N\u00e4r du t\u00e4nker p\u00e5 dig sj\u00e4lv \u00e4r det genom ditt medvetna sinne (jfr engelskans mind), d v s den delen du \u00e4r fullt medveten om, har kontroll \u00f6ver och anser vara ditt riktiga &#8221;jag&#8221;. Men den st\u00f6rsta och mest dominanta delen av sinnet \u00e4r den du \u00e4r generellt...","og_url":"https:\/\/www.hypnosinstitutet.com\/sv\/det-undermedvetna","og_site_name":"Hypnosinstitutet i Stockholm","article_modified_time":"2026-03-22T20:49:06+00:00","twitter_card":"summary_large_image","twitter_misc":{"Ber\u00e4knad l\u00e4stid":"5 minuter"},"schema":{"@context":"https:\/\/schema.org","@graph":[{"@type":"WebPage","@id":"https:\/\/www.hypnosinstitutet.com\/sv\/det-undermedvetna","url":"https:\/\/www.hypnosinstitutet.com\/sv\/det-undermedvetna","name":"Det undermedvetna - Hypnosinstitutet i Stockholm","isPartOf":{"@id":"https:\/\/www.hypnosinstitutet.com\/sv\/#website"},"datePublished":"2010-07-22T22:37:50+00:00","dateModified":"2026-03-22T20:49:06+00:00","breadcrumb":{"@id":"https:\/\/www.hypnosinstitutet.com\/sv\/det-undermedvetna#breadcrumb"},"inLanguage":"sv-SE","potentialAction":[{"@type":"ReadAction","target":["https:\/\/www.hypnosinstitutet.com\/sv\/det-undermedvetna"]}]},{"@type":"BreadcrumbList","@id":"https:\/\/www.hypnosinstitutet.com\/sv\/det-undermedvetna#breadcrumb","itemListElement":[{"@type":"ListItem","position":1,"name":"Hem","item":"https:\/\/www.hypnosinstitutet.com\/sv\/"},{"@type":"ListItem","position":2,"name":"Det undermedvetna"}]},{"@type":"WebSite","@id":"https:\/\/www.hypnosinstitutet.com\/sv\/#website","url":"https:\/\/www.hypnosinstitutet.com\/sv\/","name":"Hypnosinstitutet","description":"Hypnos &amp; sj\u00e4lvhypnos f\u00f6r personlig f\u00f6r\u00e4ndring","publisher":{"@id":"https:\/\/www.hypnosinstitutet.com\/sv\/#\/schema\/person\/708ecc4150f6e100a36c97043a1a5d57"},"potentialAction":[{"@type":"SearchAction","target":{"@type":"EntryPoint","urlTemplate":"https:\/\/www.hypnosinstitutet.com\/sv\/?s={search_term_string}"},"query-input":{"@type":"PropertyValueSpecification","valueRequired":true,"valueName":"search_term_string"}}],"inLanguage":"sv-SE"},{"@type":["Person","Organization"],"@id":"https:\/\/www.hypnosinstitutet.com\/sv\/#\/schema\/person\/708ecc4150f6e100a36c97043a1a5d57","name":"H\u00e5kan K\u00e4llving","image":{"@type":"ImageObject","inLanguage":"sv-SE","@id":"https:\/\/www.hypnosinstitutet.com\/sv\/wp-content\/uploads\/2016\/04\/IMG.jpg","url":"https:\/\/www.hypnosinstitutet.com\/sv\/wp-content\/uploads\/2016\/04\/IMG.jpg","contentUrl":"https:\/\/www.hypnosinstitutet.com\/sv\/wp-content\/uploads\/2016\/04\/IMG.jpg","width":2054,"height":2053,"caption":"H\u00e5kan K\u00e4llving"},"logo":{"@id":"https:\/\/www.hypnosinstitutet.com\/sv\/wp-content\/uploads\/2016\/04\/IMG.jpg"},"sameAs":["https:\/\/www.hypnosinstitutet.com"]}]}},"_links":{"self":[{"href":"https:\/\/www.hypnosinstitutet.com\/sv\/wp-json\/wp\/v2\/pages\/15","targetHints":{"allow":["GET"]}}],"collection":[{"href":"https:\/\/www.hypnosinstitutet.com\/sv\/wp-json\/wp\/v2\/pages"}],"about":[{"href":"https:\/\/www.hypnosinstitutet.com\/sv\/wp-json\/wp\/v2\/types\/page"}],"author":[{"embeddable":true,"href":"https:\/\/www.hypnosinstitutet.com\/sv\/wp-json\/wp\/v2\/users\/1"}],"replies":[{"embeddable":true,"href":"https:\/\/www.hypnosinstitutet.com\/sv\/wp-json\/wp\/v2\/comments?post=15"}],"version-history":[{"count":19,"href":"https:\/\/www.hypnosinstitutet.com\/sv\/wp-json\/wp\/v2\/pages\/15\/revisions"}],"predecessor-version":[{"id":1085,"href":"https:\/\/www.hypnosinstitutet.com\/sv\/wp-json\/wp\/v2\/pages\/15\/revisions\/1085"}],"wp:attachment":[{"href":"https:\/\/www.hypnosinstitutet.com\/sv\/wp-json\/wp\/v2\/media?parent=15"}],"curies":[{"name":"wp","href":"https:\/\/api.w.org\/{rel}","templated":true}]}}