{"id":26,"date":"2010-07-23T01:28:14","date_gmt":"2010-07-22T23:28:14","guid":{"rendered":"https:\/\/www.hypnosinstitutet.com\/sv"},"modified":"2026-05-06T18:55:17","modified_gmt":"2026-05-06T16:55:17","slug":"foretag","status":"publish","type":"page","link":"https:\/\/www.hypnosinstitutet.com\/sv\/foretag","title":{"rendered":"F\u00f6retag"},"content":{"rendered":"<h1>Hypnos f\u00f6r f\u00f6retag<\/h1>\n<p>Det finns ett gap mellan vad f\u00f6retag investerar i personalutveckling och vad som faktiskt ger best\u00e5ende resultat. F\u00f6rel\u00e4sningar inspirerar f\u00f6r stunden. Workshops skapar engagemang i rummet. Men n\u00e4r vardagen tar vid \u00e4r det undermedvetna m\u00f6nstren som tar \u00f6ver igen.<\/p>\n<p>Det \u00e4r precis det gap Hypnosinstitutet arbetar i. Om du vill veta mer om bakgrunden, erfarenheten och grunden bakom arbetet kan du l\u00e4sa mer p\u00e5 sidan <a href=\"https:\/\/www.hypnosinstitutet.com\/sv\/om-hypnosinstitutet\">Om Hypnosinstitutet<\/a>.<\/p>\n<h2>Vad skiljer Hypnosinstitutet fr\u00e5n traditionella f\u00f6rel\u00e4sare?<\/h2>\n<p>En traditionell f\u00f6rel\u00e4sare ger visioner och tankest\u00e4llare \u2014 det vi brukar kalla \u201dvarmduscheffekten\u201d. K\u00e4nslan sitter i n\u00e5gra dagar, sedan \u00e4r allt som f\u00f6rut.<\/p>\n<p>Hypnosinstitutet levererar enbart substans. Specifika, detaljerade och applicerbara verktyg som dina medarbetare faktiskt kan anv\u00e4nda direkt \u2014 f\u00f6r att uppn\u00e5 konkreta, m\u00e4tbara f\u00f6r\u00e4ndringar. Inte i teorins v\u00e4rld. I praktiken.<\/p>\n<p>Det som g\u00f6r skillnaden \u00e4r att arbetet n\u00e5r dit f\u00f6r\u00e4ndringsarbete m\u00e5ste n\u00e5 f\u00f6r att h\u00e5lla: det undermedvetna. Det \u00e4r d\u00e4r vanor sitter, d\u00e4r motivation antingen finns eller saknas, och d\u00e4r best\u00e5ende f\u00f6r\u00e4ndring antingen sker eller uteblir.<\/p>\n<h2>Vad kan Hypnosinstitutet g\u00f6ra f\u00f6r ditt f\u00f6retag?<\/h2>\n<p>H\u00e5kan K\u00e4llving \u00e4r Nordens ledande specialist p\u00e5 det undermedvetna och har samarbetat med ledande internationella f\u00f6retag \u2014 bland annat Philips \u2014 i arbetet med m\u00e4nskligt beteende och prestation. Skr\u00e4ddarsydda l\u00f6sningar utformas utifr\u00e5n era specifika behov och vad ni faktiskt vill uppn\u00e5 \u2014 oavsett vad det handlar om.<\/p>\n<p>Det \u00e4r inte en standardl\u00f6sning. Det \u00e4r ett samarbete.<\/p>\n<h2>Ta kontakt f\u00f6r ett inledande samtal<\/h2>\n<p style=\"text-align: center;\">Ring direkt f\u00f6r att f\u00e5 en bild av vad som kan g\u00f6ras f\u00f6r er organisation: &#x1f4de;<\/p>\n<p style=\"text-align: center;\"><a href=\"tel:086002900\" style=\"display: inline-block; background: #000000; color: #ffffff; padding: 12px 22px; text-decoration: none; font-weight: 700;\">08-600 29 00<\/a><\/p>\n<p style=\"text-align: center;\">Hypnosinstitutet varken behandlar, diagnostiserar eller f\u00f6reskriver. Hypnosterapi ers\u00e4tter inte kontakt med legitimerad h\u00e4lso- och sjukv\u00e5rdspersonal.<\/p>\n","protected":false},"excerpt":{"rendered":"<p>Hypnos f\u00f6r f\u00f6retag Det finns ett gap mellan vad f\u00f6retag investerar i personalutveckling och vad som faktiskt ger best\u00e5ende resultat. F\u00f6rel\u00e4sningar inspirerar f\u00f6r stunden. Workshops skapar engagemang i rummet. Men n\u00e4r vardagen tar vid \u00e4r det undermedvetna m\u00f6nstren som tar \u00f6ver igen. Det \u00e4r precis det gap Hypnosinstitutet arbetar i. Om du vill veta mer&#8230;<\/p>\n","protected":false},"author":1,"featured_media":0,"parent":0,"menu_order":10,"comment_status":"closed","ping_status":"closed","template":"","meta":{"footnotes":""},"class_list":["post-26","page","type-page","status-publish","hentry"],"yoast_head":"<!-- This site is optimized with the Yoast SEO plugin v27.6 - https:\/\/yoast.com\/product\/yoast-seo-wordpress\/ -->\n<title>F\u00f6retag - Hypnosinstitutet i Stockholm<\/title>\n<meta name=\"robots\" content=\"index, follow, max-snippet:-1, max-image-preview:large, max-video-preview:-1\" \/>\n<link rel=\"canonical\" href=\"https:\/\/www.hypnosinstitutet.com\/sv\/foretag\" \/>\n<meta property=\"og:locale\" content=\"sv_SE\" \/>\n<meta property=\"og:type\" content=\"article\" \/>\n<meta property=\"og:title\" content=\"F\u00f6retag - Hypnosinstitutet i Stockholm\" \/>\n<meta property=\"og:description\" content=\"Hypnos f\u00f6r f\u00f6retag Det finns ett gap mellan vad f\u00f6retag investerar i personalutveckling och vad som faktiskt ger best\u00e5ende resultat. F\u00f6rel\u00e4sningar inspirerar f\u00f6r stunden. Workshops skapar engagemang i rummet. Men n\u00e4r vardagen tar vid \u00e4r det undermedvetna m\u00f6nstren som tar \u00f6ver igen. Det \u00e4r precis det gap Hypnosinstitutet arbetar i. Om du vill veta mer...\" \/>\n<meta property=\"og:url\" content=\"https:\/\/www.hypnosinstitutet.com\/sv\/foretag\" \/>\n<meta property=\"og:site_name\" content=\"Hypnosinstitutet i Stockholm\" \/>\n<meta property=\"article:modified_time\" content=\"2026-05-06T16:55:17+00:00\" \/>\n<meta name=\"twitter:card\" content=\"summary_large_image\" \/>\n<meta name=\"twitter:label1\" content=\"Ber\u00e4knad l\u00e4stid\" \/>\n\t<meta name=\"twitter:data1\" content=\"2 minuter\" \/>\n<script type=\"application\/ld+json\" class=\"yoast-schema-graph\">{\"@context\":\"https:\\\/\\\/schema.org\",\"@graph\":[{\"@type\":\"WebPage\",\"@id\":\"https:\\\/\\\/www.hypnosinstitutet.com\\\/sv\\\/foretag\",\"url\":\"https:\\\/\\\/www.hypnosinstitutet.com\\\/sv\\\/foretag\",\"name\":\"F\u00f6retag - Hypnosinstitutet i Stockholm\",\"isPartOf\":{\"@id\":\"https:\\\/\\\/www.hypnosinstitutet.com\\\/sv\\\/#website\"},\"datePublished\":\"2010-07-22T23:28:14+00:00\",\"dateModified\":\"2026-05-06T16:55:17+00:00\",\"breadcrumb\":{\"@id\":\"https:\\\/\\\/www.hypnosinstitutet.com\\\/sv\\\/foretag#breadcrumb\"},\"inLanguage\":\"sv-SE\",\"potentialAction\":[{\"@type\":\"ReadAction\",\"target\":[\"https:\\\/\\\/www.hypnosinstitutet.com\\\/sv\\\/foretag\"]}]},{\"@type\":\"BreadcrumbList\",\"@id\":\"https:\\\/\\\/www.hypnosinstitutet.com\\\/sv\\\/foretag#breadcrumb\",\"itemListElement\":[{\"@type\":\"ListItem\",\"position\":1,\"name\":\"Hem\",\"item\":\"https:\\\/\\\/www.hypnosinstitutet.com\\\/sv\\\/\"},{\"@type\":\"ListItem\",\"position\":2,\"name\":\"F\u00f6retag\"}]},{\"@type\":\"WebSite\",\"@id\":\"https:\\\/\\\/www.hypnosinstitutet.com\\\/sv\\\/#website\",\"url\":\"https:\\\/\\\/www.hypnosinstitutet.com\\\/sv\\\/\",\"name\":\"Hypnosinstitutet\",\"description\":\"Hypnos &amp; sj\u00e4lvhypnos f\u00f6r personlig f\u00f6r\u00e4ndring\",\"publisher\":{\"@id\":\"https:\\\/\\\/www.hypnosinstitutet.com\\\/sv\\\/#\\\/schema\\\/person\\\/708ecc4150f6e100a36c97043a1a5d57\"},\"potentialAction\":[{\"@type\":\"SearchAction\",\"target\":{\"@type\":\"EntryPoint\",\"urlTemplate\":\"https:\\\/\\\/www.hypnosinstitutet.com\\\/sv\\\/?s={search_term_string}\"},\"query-input\":{\"@type\":\"PropertyValueSpecification\",\"valueRequired\":true,\"valueName\":\"search_term_string\"}}],\"inLanguage\":\"sv-SE\"},{\"@type\":[\"Person\",\"Organization\"],\"@id\":\"https:\\\/\\\/www.hypnosinstitutet.com\\\/sv\\\/#\\\/schema\\\/person\\\/708ecc4150f6e100a36c97043a1a5d57\",\"name\":\"H\u00e5kan K\u00e4llving\",\"image\":{\"@type\":\"ImageObject\",\"inLanguage\":\"sv-SE\",\"@id\":\"https:\\\/\\\/www.hypnosinstitutet.com\\\/sv\\\/wp-content\\\/uploads\\\/2016\\\/04\\\/IMG.jpg\",\"url\":\"https:\\\/\\\/www.hypnosinstitutet.com\\\/sv\\\/wp-content\\\/uploads\\\/2016\\\/04\\\/IMG.jpg\",\"contentUrl\":\"https:\\\/\\\/www.hypnosinstitutet.com\\\/sv\\\/wp-content\\\/uploads\\\/2016\\\/04\\\/IMG.jpg\",\"width\":2054,\"height\":2053,\"caption\":\"H\u00e5kan K\u00e4llving\"},\"logo\":{\"@id\":\"https:\\\/\\\/www.hypnosinstitutet.com\\\/sv\\\/wp-content\\\/uploads\\\/2016\\\/04\\\/IMG.jpg\"},\"sameAs\":[\"https:\\\/\\\/www.hypnosinstitutet.com\"]}]}<\/script>\n<!-- \/ Yoast SEO plugin. -->","yoast_head_json":{"title":"F\u00f6retag - Hypnosinstitutet i Stockholm","robots":{"index":"index","follow":"follow","max-snippet":"max-snippet:-1","max-image-preview":"max-image-preview:large","max-video-preview":"max-video-preview:-1"},"canonical":"https:\/\/www.hypnosinstitutet.com\/sv\/foretag","og_locale":"sv_SE","og_type":"article","og_title":"F\u00f6retag - Hypnosinstitutet i Stockholm","og_description":"Hypnos f\u00f6r f\u00f6retag Det finns ett gap mellan vad f\u00f6retag investerar i personalutveckling och vad som faktiskt ger best\u00e5ende resultat. F\u00f6rel\u00e4sningar inspirerar f\u00f6r stunden. Workshops skapar engagemang i rummet. Men n\u00e4r vardagen tar vid \u00e4r det undermedvetna m\u00f6nstren som tar \u00f6ver igen. Det \u00e4r precis det gap Hypnosinstitutet arbetar i. Om du vill veta mer...","og_url":"https:\/\/www.hypnosinstitutet.com\/sv\/foretag","og_site_name":"Hypnosinstitutet i Stockholm","article_modified_time":"2026-05-06T16:55:17+00:00","twitter_card":"summary_large_image","twitter_misc":{"Ber\u00e4knad l\u00e4stid":"2 minuter"},"schema":{"@context":"https:\/\/schema.org","@graph":[{"@type":"WebPage","@id":"https:\/\/www.hypnosinstitutet.com\/sv\/foretag","url":"https:\/\/www.hypnosinstitutet.com\/sv\/foretag","name":"F\u00f6retag - Hypnosinstitutet i Stockholm","isPartOf":{"@id":"https:\/\/www.hypnosinstitutet.com\/sv\/#website"},"datePublished":"2010-07-22T23:28:14+00:00","dateModified":"2026-05-06T16:55:17+00:00","breadcrumb":{"@id":"https:\/\/www.hypnosinstitutet.com\/sv\/foretag#breadcrumb"},"inLanguage":"sv-SE","potentialAction":[{"@type":"ReadAction","target":["https:\/\/www.hypnosinstitutet.com\/sv\/foretag"]}]},{"@type":"BreadcrumbList","@id":"https:\/\/www.hypnosinstitutet.com\/sv\/foretag#breadcrumb","itemListElement":[{"@type":"ListItem","position":1,"name":"Hem","item":"https:\/\/www.hypnosinstitutet.com\/sv\/"},{"@type":"ListItem","position":2,"name":"F\u00f6retag"}]},{"@type":"WebSite","@id":"https:\/\/www.hypnosinstitutet.com\/sv\/#website","url":"https:\/\/www.hypnosinstitutet.com\/sv\/","name":"Hypnosinstitutet","description":"Hypnos &amp; sj\u00e4lvhypnos f\u00f6r personlig f\u00f6r\u00e4ndring","publisher":{"@id":"https:\/\/www.hypnosinstitutet.com\/sv\/#\/schema\/person\/708ecc4150f6e100a36c97043a1a5d57"},"potentialAction":[{"@type":"SearchAction","target":{"@type":"EntryPoint","urlTemplate":"https:\/\/www.hypnosinstitutet.com\/sv\/?s={search_term_string}"},"query-input":{"@type":"PropertyValueSpecification","valueRequired":true,"valueName":"search_term_string"}}],"inLanguage":"sv-SE"},{"@type":["Person","Organization"],"@id":"https:\/\/www.hypnosinstitutet.com\/sv\/#\/schema\/person\/708ecc4150f6e100a36c97043a1a5d57","name":"H\u00e5kan K\u00e4llving","image":{"@type":"ImageObject","inLanguage":"sv-SE","@id":"https:\/\/www.hypnosinstitutet.com\/sv\/wp-content\/uploads\/2016\/04\/IMG.jpg","url":"https:\/\/www.hypnosinstitutet.com\/sv\/wp-content\/uploads\/2016\/04\/IMG.jpg","contentUrl":"https:\/\/www.hypnosinstitutet.com\/sv\/wp-content\/uploads\/2016\/04\/IMG.jpg","width":2054,"height":2053,"caption":"H\u00e5kan K\u00e4llving"},"logo":{"@id":"https:\/\/www.hypnosinstitutet.com\/sv\/wp-content\/uploads\/2016\/04\/IMG.jpg"},"sameAs":["https:\/\/www.hypnosinstitutet.com"]}]}},"_links":{"self":[{"href":"https:\/\/www.hypnosinstitutet.com\/sv\/wp-json\/wp\/v2\/pages\/26","targetHints":{"allow":["GET"]}}],"collection":[{"href":"https:\/\/www.hypnosinstitutet.com\/sv\/wp-json\/wp\/v2\/pages"}],"about":[{"href":"https:\/\/www.hypnosinstitutet.com\/sv\/wp-json\/wp\/v2\/types\/page"}],"author":[{"embeddable":true,"href":"https:\/\/www.hypnosinstitutet.com\/sv\/wp-json\/wp\/v2\/users\/1"}],"replies":[{"embeddable":true,"href":"https:\/\/www.hypnosinstitutet.com\/sv\/wp-json\/wp\/v2\/comments?post=26"}],"version-history":[{"count":14,"href":"https:\/\/www.hypnosinstitutet.com\/sv\/wp-json\/wp\/v2\/pages\/26\/revisions"}],"predecessor-version":[{"id":1157,"href":"https:\/\/www.hypnosinstitutet.com\/sv\/wp-json\/wp\/v2\/pages\/26\/revisions\/1157"}],"wp:attachment":[{"href":"https:\/\/www.hypnosinstitutet.com\/sv\/wp-json\/wp\/v2\/media?parent=26"}],"curies":[{"name":"wp","href":"https:\/\/api.w.org\/{rel}","templated":true}]}}