{"id":30,"date":"2010-07-23T01:39:46","date_gmt":"2010-07-22T23:39:46","guid":{"rendered":"https:\/\/www.hypnosinstitutet.com\/sv"},"modified":"2026-05-06T21:05:42","modified_gmt":"2026-05-06T19:05:42","slug":"kontakt","status":"publish","type":"page","link":"https:\/\/www.hypnosinstitutet.com\/sv\/kontakt","title":{"rendered":"Kontakt"},"content":{"rendered":"<p style=\"text-align: center;\">V\u00e4lkommen att h\u00f6ra av dig.<\/p>\n<p style=\"text-align: center;\"><a style=\"display: inline-block; background: #000; color: #fff; padding: 12px 22px; text-decoration: none; font-weight: bold;\" href=\"tel:086002900\">08-600 29 00<\/a><\/p>\n<table border=\"0\" width=\"500\">\n<tbody>\n<tr>\n<td align=\"center\" valign=\"middle\" width=\"48\"><img loading=\"lazy\" decoding=\"async\" src=\"\/images\/adress.png\" alt=\"Adress\" width=\"44\" height=\"38\" \/><\/td>\n<td align=\"left\" valign=\"middle\" width=\"429\">Hypnosinstitutet i Stockholm<br \/>\nArbetargatan 32<br \/>\n112 45 STOCKHOLM<\/td>\n<\/tr>\n<tr>\n<td align=\"center\" valign=\"middle\" width=\"48\"><img loading=\"lazy\" decoding=\"async\" src=\"\/images\/phone.png\" alt=\"Telefon\" width=\"44\" height=\"38\" \/><\/td>\n<td align=\"left\" valign=\"middle\"><a style=\"display: inline-block; background: #000; color: #fff; padding: 12px 22px; text-decoration: none; font-weight: bold;\" href=\"tel:0860029000\">08-600 29 00<\/a><\/td>\n<\/tr>\n<tr>\n<td align=\"center\" valign=\"middle\" width=\"48\"><img loading=\"lazy\" decoding=\"async\" src=\"\/images\/mail.png\" alt=\"E-post\" width=\"48\" height=\"48\" \/><\/td>\n<td align=\"left\" valign=\"middle\"><a title=\"info@hypnosinstitutet.com\" href=\"mailto:info@hypnosinstitutet.com\">info@hypnosinstitutet.com<\/a><\/td>\n<\/tr>\n<tr>\n<td align=\"center\" valign=\"middle\" width=\"48\"><img loading=\"lazy\" decoding=\"async\" src=\"\/images\/facebook.png\" alt=\"Facebook\" width=\"48\" height=\"48\" \/><\/td>\n<td align=\"left\" valign=\"middle\"><a title=\"V\u00e5r sida p\u00e5 Facebook\" href=\"https:\/\/www.facebook.com\/pages\/Hypnosinstitutet-i-Stockholm\/51775666763\" target=\"_blank\" rel=\"noopener\">Hypnosinstitutets sida p\u00e5 Facebook<\/a><\/td>\n<\/tr>\n<\/tbody>\n<\/table>\n<p>Anm\u00e4l dig ocks\u00e5 g\u00e4rna till mitt <a href=\"https:\/\/www.hypnosinstitutet.com\/sv\/nyhetsbrev\">nyhetsbrev h\u00e4r<\/a>.<\/p>\n","protected":false},"excerpt":{"rendered":"<p>V\u00e4lkommen att h\u00f6ra av dig. 08-600 29 00 Hypnosinstitutet i Stockholm Arbetargatan 32 112 45 STOCKHOLM 08-600 29 00 info@hypnosinstitutet.com Hypnosinstitutets sida p\u00e5 Facebook Anm\u00e4l dig ocks\u00e5 g\u00e4rna till mitt nyhetsbrev h\u00e4r.<\/p>\n","protected":false},"author":1,"featured_media":0,"parent":0,"menu_order":11,"comment_status":"closed","ping_status":"closed","template":"","meta":{"footnotes":""},"class_list":["post-30","page","type-page","status-publish","hentry"],"yoast_head":"<!-- This site is optimized with the Yoast SEO plugin v27.6 - https:\/\/yoast.com\/product\/yoast-seo-wordpress\/ -->\n<title>Kontakt - Hypnosinstitutet i Stockholm<\/title>\n<meta name=\"robots\" content=\"index, follow, max-snippet:-1, max-image-preview:large, max-video-preview:-1\" \/>\n<link rel=\"canonical\" href=\"https:\/\/www.hypnosinstitutet.com\/sv\/kontakt\" \/>\n<meta property=\"og:locale\" content=\"sv_SE\" \/>\n<meta property=\"og:type\" content=\"article\" \/>\n<meta property=\"og:title\" content=\"Kontakt - Hypnosinstitutet i Stockholm\" \/>\n<meta property=\"og:description\" content=\"V\u00e4lkommen att h\u00f6ra av dig. 08-600 29 00 Hypnosinstitutet i Stockholm Arbetargatan 32 112 45 STOCKHOLM 08-600 29 00 info@hypnosinstitutet.com Hypnosinstitutets sida p\u00e5 Facebook Anm\u00e4l dig ocks\u00e5 g\u00e4rna till mitt nyhetsbrev h\u00e4r.\" \/>\n<meta property=\"og:url\" content=\"https:\/\/www.hypnosinstitutet.com\/sv\/kontakt\" \/>\n<meta property=\"og:site_name\" content=\"Hypnosinstitutet i Stockholm\" \/>\n<meta property=\"article:modified_time\" content=\"2026-05-06T19:05:42+00:00\" \/>\n<meta name=\"twitter:card\" content=\"summary_large_image\" \/>\n<meta name=\"twitter:label1\" content=\"Ber\u00e4knad l\u00e4stid\" \/>\n\t<meta name=\"twitter:data1\" content=\"1 minut\" \/>\n<script type=\"application\/ld+json\" class=\"yoast-schema-graph\">{\"@context\":\"https:\\\/\\\/schema.org\",\"@graph\":[{\"@type\":\"WebPage\",\"@id\":\"https:\\\/\\\/www.hypnosinstitutet.com\\\/sv\\\/kontakt\",\"url\":\"https:\\\/\\\/www.hypnosinstitutet.com\\\/sv\\\/kontakt\",\"name\":\"Kontakt - Hypnosinstitutet i Stockholm\",\"isPartOf\":{\"@id\":\"https:\\\/\\\/www.hypnosinstitutet.com\\\/sv\\\/#website\"},\"datePublished\":\"2010-07-22T23:39:46+00:00\",\"dateModified\":\"2026-05-06T19:05:42+00:00\",\"breadcrumb\":{\"@id\":\"https:\\\/\\\/www.hypnosinstitutet.com\\\/sv\\\/kontakt#breadcrumb\"},\"inLanguage\":\"sv-SE\",\"potentialAction\":[{\"@type\":\"ReadAction\",\"target\":[\"https:\\\/\\\/www.hypnosinstitutet.com\\\/sv\\\/kontakt\"]}]},{\"@type\":\"BreadcrumbList\",\"@id\":\"https:\\\/\\\/www.hypnosinstitutet.com\\\/sv\\\/kontakt#breadcrumb\",\"itemListElement\":[{\"@type\":\"ListItem\",\"position\":1,\"name\":\"Hem\",\"item\":\"https:\\\/\\\/www.hypnosinstitutet.com\\\/sv\\\/\"},{\"@type\":\"ListItem\",\"position\":2,\"name\":\"Kontakt\"}]},{\"@type\":\"WebSite\",\"@id\":\"https:\\\/\\\/www.hypnosinstitutet.com\\\/sv\\\/#website\",\"url\":\"https:\\\/\\\/www.hypnosinstitutet.com\\\/sv\\\/\",\"name\":\"Hypnosinstitutet\",\"description\":\"Hypnos &amp; sj\u00e4lvhypnos f\u00f6r personlig f\u00f6r\u00e4ndring\",\"publisher\":{\"@id\":\"https:\\\/\\\/www.hypnosinstitutet.com\\\/sv\\\/#\\\/schema\\\/person\\\/708ecc4150f6e100a36c97043a1a5d57\"},\"potentialAction\":[{\"@type\":\"SearchAction\",\"target\":{\"@type\":\"EntryPoint\",\"urlTemplate\":\"https:\\\/\\\/www.hypnosinstitutet.com\\\/sv\\\/?s={search_term_string}\"},\"query-input\":{\"@type\":\"PropertyValueSpecification\",\"valueRequired\":true,\"valueName\":\"search_term_string\"}}],\"inLanguage\":\"sv-SE\"},{\"@type\":[\"Person\",\"Organization\"],\"@id\":\"https:\\\/\\\/www.hypnosinstitutet.com\\\/sv\\\/#\\\/schema\\\/person\\\/708ecc4150f6e100a36c97043a1a5d57\",\"name\":\"H\u00e5kan K\u00e4llving\",\"image\":{\"@type\":\"ImageObject\",\"inLanguage\":\"sv-SE\",\"@id\":\"https:\\\/\\\/www.hypnosinstitutet.com\\\/sv\\\/wp-content\\\/uploads\\\/2016\\\/04\\\/IMG.jpg\",\"url\":\"https:\\\/\\\/www.hypnosinstitutet.com\\\/sv\\\/wp-content\\\/uploads\\\/2016\\\/04\\\/IMG.jpg\",\"contentUrl\":\"https:\\\/\\\/www.hypnosinstitutet.com\\\/sv\\\/wp-content\\\/uploads\\\/2016\\\/04\\\/IMG.jpg\",\"width\":2054,\"height\":2053,\"caption\":\"H\u00e5kan K\u00e4llving\"},\"logo\":{\"@id\":\"https:\\\/\\\/www.hypnosinstitutet.com\\\/sv\\\/wp-content\\\/uploads\\\/2016\\\/04\\\/IMG.jpg\"},\"sameAs\":[\"https:\\\/\\\/www.hypnosinstitutet.com\"]}]}<\/script>\n<!-- \/ Yoast SEO plugin. -->","yoast_head_json":{"title":"Kontakt - Hypnosinstitutet i Stockholm","robots":{"index":"index","follow":"follow","max-snippet":"max-snippet:-1","max-image-preview":"max-image-preview:large","max-video-preview":"max-video-preview:-1"},"canonical":"https:\/\/www.hypnosinstitutet.com\/sv\/kontakt","og_locale":"sv_SE","og_type":"article","og_title":"Kontakt - Hypnosinstitutet i Stockholm","og_description":"V\u00e4lkommen att h\u00f6ra av dig. 08-600 29 00 Hypnosinstitutet i Stockholm Arbetargatan 32 112 45 STOCKHOLM 08-600 29 00 info@hypnosinstitutet.com Hypnosinstitutets sida p\u00e5 Facebook Anm\u00e4l dig ocks\u00e5 g\u00e4rna till mitt nyhetsbrev h\u00e4r.","og_url":"https:\/\/www.hypnosinstitutet.com\/sv\/kontakt","og_site_name":"Hypnosinstitutet i Stockholm","article_modified_time":"2026-05-06T19:05:42+00:00","twitter_card":"summary_large_image","twitter_misc":{"Ber\u00e4knad l\u00e4stid":"1 minut"},"schema":{"@context":"https:\/\/schema.org","@graph":[{"@type":"WebPage","@id":"https:\/\/www.hypnosinstitutet.com\/sv\/kontakt","url":"https:\/\/www.hypnosinstitutet.com\/sv\/kontakt","name":"Kontakt - Hypnosinstitutet i Stockholm","isPartOf":{"@id":"https:\/\/www.hypnosinstitutet.com\/sv\/#website"},"datePublished":"2010-07-22T23:39:46+00:00","dateModified":"2026-05-06T19:05:42+00:00","breadcrumb":{"@id":"https:\/\/www.hypnosinstitutet.com\/sv\/kontakt#breadcrumb"},"inLanguage":"sv-SE","potentialAction":[{"@type":"ReadAction","target":["https:\/\/www.hypnosinstitutet.com\/sv\/kontakt"]}]},{"@type":"BreadcrumbList","@id":"https:\/\/www.hypnosinstitutet.com\/sv\/kontakt#breadcrumb","itemListElement":[{"@type":"ListItem","position":1,"name":"Hem","item":"https:\/\/www.hypnosinstitutet.com\/sv\/"},{"@type":"ListItem","position":2,"name":"Kontakt"}]},{"@type":"WebSite","@id":"https:\/\/www.hypnosinstitutet.com\/sv\/#website","url":"https:\/\/www.hypnosinstitutet.com\/sv\/","name":"Hypnosinstitutet","description":"Hypnos &amp; sj\u00e4lvhypnos f\u00f6r personlig f\u00f6r\u00e4ndring","publisher":{"@id":"https:\/\/www.hypnosinstitutet.com\/sv\/#\/schema\/person\/708ecc4150f6e100a36c97043a1a5d57"},"potentialAction":[{"@type":"SearchAction","target":{"@type":"EntryPoint","urlTemplate":"https:\/\/www.hypnosinstitutet.com\/sv\/?s={search_term_string}"},"query-input":{"@type":"PropertyValueSpecification","valueRequired":true,"valueName":"search_term_string"}}],"inLanguage":"sv-SE"},{"@type":["Person","Organization"],"@id":"https:\/\/www.hypnosinstitutet.com\/sv\/#\/schema\/person\/708ecc4150f6e100a36c97043a1a5d57","name":"H\u00e5kan K\u00e4llving","image":{"@type":"ImageObject","inLanguage":"sv-SE","@id":"https:\/\/www.hypnosinstitutet.com\/sv\/wp-content\/uploads\/2016\/04\/IMG.jpg","url":"https:\/\/www.hypnosinstitutet.com\/sv\/wp-content\/uploads\/2016\/04\/IMG.jpg","contentUrl":"https:\/\/www.hypnosinstitutet.com\/sv\/wp-content\/uploads\/2016\/04\/IMG.jpg","width":2054,"height":2053,"caption":"H\u00e5kan K\u00e4llving"},"logo":{"@id":"https:\/\/www.hypnosinstitutet.com\/sv\/wp-content\/uploads\/2016\/04\/IMG.jpg"},"sameAs":["https:\/\/www.hypnosinstitutet.com"]}]}},"_links":{"self":[{"href":"https:\/\/www.hypnosinstitutet.com\/sv\/wp-json\/wp\/v2\/pages\/30","targetHints":{"allow":["GET"]}}],"collection":[{"href":"https:\/\/www.hypnosinstitutet.com\/sv\/wp-json\/wp\/v2\/pages"}],"about":[{"href":"https:\/\/www.hypnosinstitutet.com\/sv\/wp-json\/wp\/v2\/types\/page"}],"author":[{"embeddable":true,"href":"https:\/\/www.hypnosinstitutet.com\/sv\/wp-json\/wp\/v2\/users\/1"}],"replies":[{"embeddable":true,"href":"https:\/\/www.hypnosinstitutet.com\/sv\/wp-json\/wp\/v2\/comments?post=30"}],"version-history":[{"count":18,"href":"https:\/\/www.hypnosinstitutet.com\/sv\/wp-json\/wp\/v2\/pages\/30\/revisions"}],"predecessor-version":[{"id":1159,"href":"https:\/\/www.hypnosinstitutet.com\/sv\/wp-json\/wp\/v2\/pages\/30\/revisions\/1159"}],"wp:attachment":[{"href":"https:\/\/www.hypnosinstitutet.com\/sv\/wp-json\/wp\/v2\/media?parent=30"}],"curies":[{"name":"wp","href":"https:\/\/api.w.org\/{rel}","templated":true}]}}