{"id":581,"date":"2020-08-07T00:00:01","date_gmt":"2020-08-06T22:00:01","guid":{"rendered":"https:\/\/www.hypnosinstitutet.com\/sv\/?page_id=581"},"modified":"2026-03-29T22:26:27","modified_gmt":"2026-03-29T20:26:27","slug":"sluta-roka-hypnos","status":"publish","type":"page","link":"https:\/\/www.hypnosinstitutet.com\/sv\/sluta-roka-hypnos","title":{"rendered":"Sluta r\u00f6ka hypnos"},"content":{"rendered":"<p>Hypnos f\u00f6r att sluta r\u00f6ka \u00e4r det enskilt st\u00f6rsta appliceringsomr\u00e5det som m\u00e4nniskor s\u00f6ker hj\u00e4lp f\u00f6r. Att bli r\u00f6kfri och nikotinfri \u2014 g\u00e4ller \u00e4ven f\u00f6r snus \u2014 \u00e4r enkelt n\u00e4r det g\u00f6rs p\u00e5 r\u00e4tt s\u00e4tt, och likas\u00e5 v\u00e4ldigt sv\u00e5rt n\u00e4r det sker p\u00e5 tobaksbolagens villkor och spelregler.<\/p>\n<p>R\u00f6kavv\u00e4njning, eller att sluta r\u00f6ka som det ofta heter i folkmun, \u00e4r egentligen ett felaktigt uttryck. I grunden handlar det om att befria sig fr\u00e5n r\u00f6kningen. Att &#8221;sluta r\u00f6ka&#8221; \u00e4r en p\u00e5g\u00e5ende process \u2014 snarare \u00e4n att s\u00e4tta punkt, f\u00e5 ett avslut och l\u00e5ta det tillh\u00f6ra det f\u00f6rflutna. Det handlar om att bli <em>r\u00f6kfri<\/em>, inte om att bryta en vana.<\/p>\n<p>Traditionella metoder bygger p\u00e5 hypnos kombinerad med suggestioner \u2014 f\u00f6rhoppningen \u00e4r att dessa m\u00f6nster ska etsa sig fast och skapa f\u00f6r\u00e4ndrade k\u00e4nslor kring r\u00f6kandet. \u00c4ven n\u00e4r klassisk hypnos appliceras effektivt har dessa metoder inte genererat samma best\u00e5ende resultat som den metod vi strax kommer in p\u00e5. Det handlar inte om slumpen \u2014 utan om en formel baserad p\u00e5 hur dynamiska processer s\u00e4tts ig\u00e5ng i m\u00e4nniskan, vad som h\u00e4nder i hj\u00e4rnans bel\u00f6ningssystem vid r\u00f6kning och r\u00f6kstopp, och vad som kr\u00e4vs f\u00f6r att p\u00e5 riktigt f\u00e5 till en varaktig f\u00f6r\u00e4ndring.<\/p>\n<p>I den metod som handlar om frig\u00f6relse g\u00f6rs ett informerat val som baseras p\u00e5 helt andra f\u00f6ruts\u00e4ttningar \u2014 till skillnad fr\u00e5n att &#8221;sluta r\u00f6ka&#8221; den traditionella v\u00e4gen d\u00e4r viljestyrka anv\u00e4nds med grundid\u00e9n att n\u00e5got offras och livet blir tomt. Den h\u00e4r metoden baseras helt p\u00e5 hur m\u00e4nniskans hj\u00e4rna och bel\u00f6ningssystem redan fungerar \u2014 hur de skapar \u00e4ngslan, r\u00e4dsla och frustration som blockerar f\u00f6ruts\u00e4ttningarna att bli kvitt cigaretterna p\u00e5 ett h\u00e5llbart s\u00e4tt. H\u00e4r <em>frig\u00f6r<\/em> du dig ist\u00e4llet fr\u00e5n r\u00f6kningen och <em>k\u00e4nner<\/em> f\u00f6r att g\u00f6ra det \u2014 och upplever det som en <em>befrielse<\/em>.<\/p>\n<p>Vill du bli r\u00f6kfri en g\u00e5ng f\u00f6r alla \u2014 ring direkt f\u00f6r individuell hj\u00e4lp:<\/p>\n<p style=\"text-align: center; margin-top: 20px;\"><a style=\"display: inline-block; padding: 14px 28px; background-color: #000; color: #fff; text-decoration: none; font-size: 18px;\" href=\"tel:086002900\"><strong>08-600 29 00<\/strong><\/a><\/p>\n<p style=\"text-align: center; margin-top: 20px; font-size: 14px;\">Hypnosinstitutet varken behandlar, diagnostiserar eller f\u00f6reskriver. Hypnosterapi ers\u00e4tter inte kontakt med legitimerad h\u00e4lso- och sjukv\u00e5rdspersonal.<\/p>\n","protected":false},"excerpt":{"rendered":"<p>Hypnos f\u00f6r att sluta r\u00f6ka \u00e4r det enskilt st\u00f6rsta appliceringsomr\u00e5det som m\u00e4nniskor s\u00f6ker hj\u00e4lp f\u00f6r. Att bli r\u00f6kfri och nikotinfri \u2014 g\u00e4ller \u00e4ven f\u00f6r snus \u2014 \u00e4r enkelt n\u00e4r det g\u00f6rs p\u00e5 r\u00e4tt s\u00e4tt, och likas\u00e5 v\u00e4ldigt sv\u00e5rt n\u00e4r det sker p\u00e5 tobaksbolagens villkor och spelregler. R\u00f6kavv\u00e4njning, eller att sluta r\u00f6ka som det ofta heter&#8230;<\/p>\n","protected":false},"author":1,"featured_media":0,"parent":0,"menu_order":0,"comment_status":"closed","ping_status":"closed","template":"","meta":{"footnotes":""},"class_list":["post-581","page","type-page","status-publish","hentry"],"yoast_head":"<!-- This site is optimized with the Yoast SEO plugin v27.5 - https:\/\/yoast.com\/product\/yoast-seo-wordpress\/ -->\n<title>Sluta r\u00f6ka hypnos - Hypnosinstitutet i Stockholm<\/title>\n<meta name=\"robots\" content=\"index, follow, max-snippet:-1, max-image-preview:large, max-video-preview:-1\" \/>\n<link rel=\"canonical\" href=\"https:\/\/www.hypnosinstitutet.com\/sv\/sluta-roka-hypnos\" \/>\n<meta property=\"og:locale\" content=\"sv_SE\" \/>\n<meta property=\"og:type\" content=\"article\" \/>\n<meta property=\"og:title\" content=\"Sluta r\u00f6ka hypnos - Hypnosinstitutet i Stockholm\" \/>\n<meta property=\"og:description\" content=\"Hypnos f\u00f6r att sluta r\u00f6ka \u00e4r det enskilt st\u00f6rsta appliceringsomr\u00e5det som m\u00e4nniskor s\u00f6ker hj\u00e4lp f\u00f6r. Att bli r\u00f6kfri och nikotinfri \u2014 g\u00e4ller \u00e4ven f\u00f6r snus \u2014 \u00e4r enkelt n\u00e4r det g\u00f6rs p\u00e5 r\u00e4tt s\u00e4tt, och likas\u00e5 v\u00e4ldigt sv\u00e5rt n\u00e4r det sker p\u00e5 tobaksbolagens villkor och spelregler. R\u00f6kavv\u00e4njning, eller att sluta r\u00f6ka som det ofta heter...\" \/>\n<meta property=\"og:url\" content=\"https:\/\/www.hypnosinstitutet.com\/sv\/sluta-roka-hypnos\" \/>\n<meta property=\"og:site_name\" content=\"Hypnosinstitutet i Stockholm\" \/>\n<meta property=\"article:modified_time\" content=\"2026-03-29T20:26:27+00:00\" \/>\n<meta name=\"twitter:card\" content=\"summary_large_image\" \/>\n<meta name=\"twitter:label1\" content=\"Ber\u00e4knad l\u00e4stid\" \/>\n\t<meta name=\"twitter:data1\" content=\"2 minuter\" \/>\n<script type=\"application\/ld+json\" class=\"yoast-schema-graph\">{\"@context\":\"https:\\\/\\\/schema.org\",\"@graph\":[{\"@type\":\"WebPage\",\"@id\":\"https:\\\/\\\/www.hypnosinstitutet.com\\\/sv\\\/sluta-roka-hypnos\",\"url\":\"https:\\\/\\\/www.hypnosinstitutet.com\\\/sv\\\/sluta-roka-hypnos\",\"name\":\"Sluta r\u00f6ka hypnos - Hypnosinstitutet i Stockholm\",\"isPartOf\":{\"@id\":\"https:\\\/\\\/www.hypnosinstitutet.com\\\/sv\\\/#website\"},\"datePublished\":\"2020-08-06T22:00:01+00:00\",\"dateModified\":\"2026-03-29T20:26:27+00:00\",\"breadcrumb\":{\"@id\":\"https:\\\/\\\/www.hypnosinstitutet.com\\\/sv\\\/sluta-roka-hypnos#breadcrumb\"},\"inLanguage\":\"sv-SE\",\"potentialAction\":[{\"@type\":\"ReadAction\",\"target\":[\"https:\\\/\\\/www.hypnosinstitutet.com\\\/sv\\\/sluta-roka-hypnos\"]}]},{\"@type\":\"BreadcrumbList\",\"@id\":\"https:\\\/\\\/www.hypnosinstitutet.com\\\/sv\\\/sluta-roka-hypnos#breadcrumb\",\"itemListElement\":[{\"@type\":\"ListItem\",\"position\":1,\"name\":\"Hem\",\"item\":\"https:\\\/\\\/www.hypnosinstitutet.com\\\/sv\\\/\"},{\"@type\":\"ListItem\",\"position\":2,\"name\":\"Sluta r\u00f6ka hypnos\"}]},{\"@type\":\"WebSite\",\"@id\":\"https:\\\/\\\/www.hypnosinstitutet.com\\\/sv\\\/#website\",\"url\":\"https:\\\/\\\/www.hypnosinstitutet.com\\\/sv\\\/\",\"name\":\"Hypnosinstitutet\",\"description\":\"Hypnos &amp; sj\u00e4lvhypnos f\u00f6r personlig f\u00f6r\u00e4ndring\",\"publisher\":{\"@id\":\"https:\\\/\\\/www.hypnosinstitutet.com\\\/sv\\\/#\\\/schema\\\/person\\\/708ecc4150f6e100a36c97043a1a5d57\"},\"potentialAction\":[{\"@type\":\"SearchAction\",\"target\":{\"@type\":\"EntryPoint\",\"urlTemplate\":\"https:\\\/\\\/www.hypnosinstitutet.com\\\/sv\\\/?s={search_term_string}\"},\"query-input\":{\"@type\":\"PropertyValueSpecification\",\"valueRequired\":true,\"valueName\":\"search_term_string\"}}],\"inLanguage\":\"sv-SE\"},{\"@type\":[\"Person\",\"Organization\"],\"@id\":\"https:\\\/\\\/www.hypnosinstitutet.com\\\/sv\\\/#\\\/schema\\\/person\\\/708ecc4150f6e100a36c97043a1a5d57\",\"name\":\"H\u00e5kan K\u00e4llving\",\"image\":{\"@type\":\"ImageObject\",\"inLanguage\":\"sv-SE\",\"@id\":\"https:\\\/\\\/www.hypnosinstitutet.com\\\/sv\\\/wp-content\\\/uploads\\\/2016\\\/04\\\/IMG.jpg\",\"url\":\"https:\\\/\\\/www.hypnosinstitutet.com\\\/sv\\\/wp-content\\\/uploads\\\/2016\\\/04\\\/IMG.jpg\",\"contentUrl\":\"https:\\\/\\\/www.hypnosinstitutet.com\\\/sv\\\/wp-content\\\/uploads\\\/2016\\\/04\\\/IMG.jpg\",\"width\":2054,\"height\":2053,\"caption\":\"H\u00e5kan K\u00e4llving\"},\"logo\":{\"@id\":\"https:\\\/\\\/www.hypnosinstitutet.com\\\/sv\\\/wp-content\\\/uploads\\\/2016\\\/04\\\/IMG.jpg\"},\"sameAs\":[\"https:\\\/\\\/www.hypnosinstitutet.com\"]}]}<\/script>\n<!-- \/ Yoast SEO plugin. -->","yoast_head_json":{"title":"Sluta r\u00f6ka hypnos - Hypnosinstitutet i Stockholm","robots":{"index":"index","follow":"follow","max-snippet":"max-snippet:-1","max-image-preview":"max-image-preview:large","max-video-preview":"max-video-preview:-1"},"canonical":"https:\/\/www.hypnosinstitutet.com\/sv\/sluta-roka-hypnos","og_locale":"sv_SE","og_type":"article","og_title":"Sluta r\u00f6ka hypnos - Hypnosinstitutet i Stockholm","og_description":"Hypnos f\u00f6r att sluta r\u00f6ka \u00e4r det enskilt st\u00f6rsta appliceringsomr\u00e5det som m\u00e4nniskor s\u00f6ker hj\u00e4lp f\u00f6r. Att bli r\u00f6kfri och nikotinfri \u2014 g\u00e4ller \u00e4ven f\u00f6r snus \u2014 \u00e4r enkelt n\u00e4r det g\u00f6rs p\u00e5 r\u00e4tt s\u00e4tt, och likas\u00e5 v\u00e4ldigt sv\u00e5rt n\u00e4r det sker p\u00e5 tobaksbolagens villkor och spelregler. R\u00f6kavv\u00e4njning, eller att sluta r\u00f6ka som det ofta heter...","og_url":"https:\/\/www.hypnosinstitutet.com\/sv\/sluta-roka-hypnos","og_site_name":"Hypnosinstitutet i Stockholm","article_modified_time":"2026-03-29T20:26:27+00:00","twitter_card":"summary_large_image","twitter_misc":{"Ber\u00e4knad l\u00e4stid":"2 minuter"},"schema":{"@context":"https:\/\/schema.org","@graph":[{"@type":"WebPage","@id":"https:\/\/www.hypnosinstitutet.com\/sv\/sluta-roka-hypnos","url":"https:\/\/www.hypnosinstitutet.com\/sv\/sluta-roka-hypnos","name":"Sluta r\u00f6ka hypnos - Hypnosinstitutet i Stockholm","isPartOf":{"@id":"https:\/\/www.hypnosinstitutet.com\/sv\/#website"},"datePublished":"2020-08-06T22:00:01+00:00","dateModified":"2026-03-29T20:26:27+00:00","breadcrumb":{"@id":"https:\/\/www.hypnosinstitutet.com\/sv\/sluta-roka-hypnos#breadcrumb"},"inLanguage":"sv-SE","potentialAction":[{"@type":"ReadAction","target":["https:\/\/www.hypnosinstitutet.com\/sv\/sluta-roka-hypnos"]}]},{"@type":"BreadcrumbList","@id":"https:\/\/www.hypnosinstitutet.com\/sv\/sluta-roka-hypnos#breadcrumb","itemListElement":[{"@type":"ListItem","position":1,"name":"Hem","item":"https:\/\/www.hypnosinstitutet.com\/sv\/"},{"@type":"ListItem","position":2,"name":"Sluta r\u00f6ka hypnos"}]},{"@type":"WebSite","@id":"https:\/\/www.hypnosinstitutet.com\/sv\/#website","url":"https:\/\/www.hypnosinstitutet.com\/sv\/","name":"Hypnosinstitutet","description":"Hypnos &amp; sj\u00e4lvhypnos f\u00f6r personlig f\u00f6r\u00e4ndring","publisher":{"@id":"https:\/\/www.hypnosinstitutet.com\/sv\/#\/schema\/person\/708ecc4150f6e100a36c97043a1a5d57"},"potentialAction":[{"@type":"SearchAction","target":{"@type":"EntryPoint","urlTemplate":"https:\/\/www.hypnosinstitutet.com\/sv\/?s={search_term_string}"},"query-input":{"@type":"PropertyValueSpecification","valueRequired":true,"valueName":"search_term_string"}}],"inLanguage":"sv-SE"},{"@type":["Person","Organization"],"@id":"https:\/\/www.hypnosinstitutet.com\/sv\/#\/schema\/person\/708ecc4150f6e100a36c97043a1a5d57","name":"H\u00e5kan K\u00e4llving","image":{"@type":"ImageObject","inLanguage":"sv-SE","@id":"https:\/\/www.hypnosinstitutet.com\/sv\/wp-content\/uploads\/2016\/04\/IMG.jpg","url":"https:\/\/www.hypnosinstitutet.com\/sv\/wp-content\/uploads\/2016\/04\/IMG.jpg","contentUrl":"https:\/\/www.hypnosinstitutet.com\/sv\/wp-content\/uploads\/2016\/04\/IMG.jpg","width":2054,"height":2053,"caption":"H\u00e5kan K\u00e4llving"},"logo":{"@id":"https:\/\/www.hypnosinstitutet.com\/sv\/wp-content\/uploads\/2016\/04\/IMG.jpg"},"sameAs":["https:\/\/www.hypnosinstitutet.com"]}]}},"_links":{"self":[{"href":"https:\/\/www.hypnosinstitutet.com\/sv\/wp-json\/wp\/v2\/pages\/581","targetHints":{"allow":["GET"]}}],"collection":[{"href":"https:\/\/www.hypnosinstitutet.com\/sv\/wp-json\/wp\/v2\/pages"}],"about":[{"href":"https:\/\/www.hypnosinstitutet.com\/sv\/wp-json\/wp\/v2\/types\/page"}],"author":[{"embeddable":true,"href":"https:\/\/www.hypnosinstitutet.com\/sv\/wp-json\/wp\/v2\/users\/1"}],"replies":[{"embeddable":true,"href":"https:\/\/www.hypnosinstitutet.com\/sv\/wp-json\/wp\/v2\/comments?post=581"}],"version-history":[{"count":15,"href":"https:\/\/www.hypnosinstitutet.com\/sv\/wp-json\/wp\/v2\/pages\/581\/revisions"}],"predecessor-version":[{"id":1127,"href":"https:\/\/www.hypnosinstitutet.com\/sv\/wp-json\/wp\/v2\/pages\/581\/revisions\/1127"}],"wp:attachment":[{"href":"https:\/\/www.hypnosinstitutet.com\/sv\/wp-json\/wp\/v2\/media?parent=581"}],"curies":[{"name":"wp","href":"https:\/\/api.w.org\/{rel}","templated":true}]}}