{"id":67,"date":"2010-07-28T18:07:59","date_gmt":"2010-07-28T16:07:59","guid":{"rendered":"https:\/\/www.hypnosinstitutet.com"},"modified":"2026-03-19T00:51:33","modified_gmt":"2026-03-18T22:51:33","slug":"media","status":"publish","type":"page","link":"https:\/\/www.hypnosinstitutet.com\/sv\/media","title":{"rendered":"Media"},"content":{"rendered":"<table border=\"0\" width=\"850\">\n<tbody>\n<tr>\n<td colspan=\"2\" align=\"left\" valign=\"top\">\n<h1>Video &amp; artiklar med hypnos<\/h1>\n<\/td>\n<\/tr>\n<tr>\n<td colspan=\"2\" align=\"left\" valign=\"top\">\n<h2><a id=\"sverigestrottastetavling\" name=\"sverigestrottastetavling\"><\/a>Hypnos &#8211; Josefin Crafoord blir <a href=\"https:\/\/www.youtube.com\/watch?v=IOCN1CJHeSE\">hypnotiserad live i direkts\u00e4ndning<\/a> av hypnotis\u00f6ren H\u00e5kan K\u00e4llving<\/h2>\n<\/td>\n<\/tr>\n<tr>\n<td align=\"left\" valign=\"top\"><object width=\"480\" height=\"385\" classid=\"clsid:d27cdb6e-ae6d-11cf-96b8-444553540000\" codebase=\"https:\/\/download.macromedia.com\/pub\/shockwave\/cabs\/flash\/swflash.cab#version=6,0,40,0\"><param name=\"allowFullScreen\" value=\"true\" \/><param name=\"allowscriptaccess\" value=\"always\" \/><param name=\"src\" value=\"https:\/\/www.youtube.com\/v\/IOCN1CJHeSE&amp;hl=sv_SE&amp;fs=1?rel=0&amp;color1=0x006699&amp;color2=0x54abd6\" \/><param name=\"allowfullscreen\" value=\"true\" \/><embed type=\"application\/x-shockwave-flash\" src=\"https:\/\/www.youtube.com\/v\/IOCN1CJHeSE&amp;hl=sv_SE&amp;fs=1?rel=0&amp;color1=0x006699&amp;color2=0x54abd6\" allowfullscreen=\"allowfullscreen\" allowscriptaccess=\"always\" width=\"480\" height=\"385\" \/><\/object><\/td>\n<\/tr>\n<tr>\n<td style=\"padding-left: 10px; padding-right: 10px;\" align=\"left\" valign=\"top\" width=\"370\">I augusti 2009 anordnade IKEA en kampanj, <strong><em>&#8221;Sveriges tr\u00f6ttaste t\u00e4vling&#8221;<\/em><\/strong>, som gick ut p\u00e5 att deltagarna i t\u00e4vlingen skulle h\u00e5lla sig vakna s\u00e5 l\u00e4nge som m\u00f6jligt i s\u00e4ngen fr\u00e5n deras nya kollektion.H\u00e5kan K\u00e4llving, certifierad klinisk hypnosterapeut, bj\u00f6ds in som g\u00e4st f\u00f6r att demonstrera hypnos. Han arbetade d\u00e4r med Josefin Crafoord, en av programledarna, i ett demonstrativt syfte av hypnos och sinnets natur.<\/td>\n<\/tr>\n<tr>\n<td colspan=\"2\" align=\"left\" valign=\"top\">\n<h3><a id=\"erikochmackan\" name=\"erikochmackan\"><\/a>Hypnotis\u00f6ren H\u00e5kan K\u00e4llving <a href=\"https:\/\/www.youtube.com\/watch?v=1Xb6atz8pww\">hypnotiserar Erik och Mackan<\/a> i serien &#8221;Snygga och sm\u00e4rta&#8221; d\u00e4r hypnos anv\u00e4nds f\u00f6r tankens kraft och idrottsprestationer<\/h3>\n<\/td>\n<\/tr>\n<tr>\n<td align=\"left\" valign=\"top\" width=\"480\"><object width=\"480\" height=\"385\" classid=\"clsid:d27cdb6e-ae6d-11cf-96b8-444553540000\" codebase=\"https:\/\/download.macromedia.com\/pub\/shockwave\/cabs\/flash\/swflash.cab#version=6,0,40,0\"><param name=\"allowFullScreen\" value=\"true\" \/><param name=\"allowscriptaccess\" value=\"always\" \/><param name=\"src\" value=\"https:\/\/www.youtube.com\/v\/1Xb6atz8pww&amp;hl=sv_SE&amp;fs=1?rel=0&amp;color1=0x006699&amp;color2=0x54abd6\" \/><param name=\"allowfullscreen\" value=\"true\" \/><embed type=\"application\/x-shockwave-flash\" src=\"https:\/\/www.youtube.com\/v\/1Xb6atz8pww&amp;hl=sv_SE&amp;fs=1?rel=0&amp;color1=0x006699&amp;color2=0x54abd6\" allowfullscreen=\"allowfullscreen\" allowscriptaccess=\"always\" width=\"480\" height=\"385\" \/><\/object><\/td>\n<\/tr>\n<tr>\n<td style=\"padding-left: 10px; padding-right: 10px;\" align=\"left\" valign=\"top\" width=\"370\">I TV6 programserie <strong>&#8221;Erik &amp; Mackan \u2013 Snygga och sm\u00e4rta&#8221;<\/strong> d\u00e4r programledarna, Erik och Mackan, pr\u00f6var olika metoder f\u00f6r att komma i form anlitades hypnosterapeuten H\u00e5kan K\u00e4llving fr\u00e5n Hypnosinstitutet i Stockholm f\u00f6r att med hj\u00e4lp av hypnos reglera tankens kraft och kroppens prestationer.<\/td>\n<\/tr>\n<tr>\n<td colspan=\"2\" align=\"left\" valign=\"top\"><\/td>\n<\/tr>\n<tr>\n<td colspan=\"2\" align=\"left\" valign=\"top\">\n<h3>Hypnotis\u00f6ren H\u00e5kan K\u00e4llving <a href=\"https:\/\/www.youtube.com\/watch?v=-GKodw2VntM\">hypnotiserar Erik och Mackan<\/a> i serien &#8221;Snygga och sm\u00e4rta&#8221; i en demonstration av hypnos som underh\u00e5llning<\/h3>\n<\/td>\n<\/tr>\n<tr>\n<td align=\"left\" valign=\"top\"><object width=\"480\" height=\"385\" classid=\"clsid:d27cdb6e-ae6d-11cf-96b8-444553540000\" codebase=\"https:\/\/download.macromedia.com\/pub\/shockwave\/cabs\/flash\/swflash.cab#version=6,0,40,0\"><param name=\"allowFullScreen\" value=\"true\" \/><param name=\"allowscriptaccess\" value=\"always\" \/><param name=\"src\" value=\"https:\/\/www.youtube.com\/v\/-GKodw2VntM&amp;hl=sv_SE&amp;fs=1?rel=0&amp;color1=0x006699&amp;color2=0x54abd6\" \/><param name=\"allowfullscreen\" value=\"true\" \/><embed type=\"application\/x-shockwave-flash\" src=\"https:\/\/www.youtube.com\/v\/-GKodw2VntM&amp;hl=sv_SE&amp;fs=1?rel=0&amp;color1=0x006699&amp;color2=0x54abd6\" allowfullscreen=\"allowfullscreen\" allowscriptaccess=\"always\" width=\"480\" height=\"385\" \/><\/object><\/td>\n<\/tr>\n<tr>\n<td style=\"padding-left: 10px; padding-right: 10px;\" align=\"left\" valign=\"top\">I extraklippet fr\u00e5n programserien <strong>&#8221;Erik och Mackan &#8211; Snygga och sm\u00e4rta&#8221;<\/strong> f\u00e5r hypnosterapeuten H\u00e5kan K\u00e4llving fr\u00e5gan om han \u00e4ven sysslar med hypnos i underh\u00e5llningssyfte. K\u00e4llving f\u00f6rklarar att han ej sysslar med detta utan arbetar med hypnos terapeutiskt samt i utbildningssyfte.En demonstration av hypnos i underh\u00e5llningssyfte g\u00f6rs f\u00f6r att demonstrera sinnets natur och f\u00f6r att matcha programmets profil.<\/td>\n<\/tr>\n<tr>\n<td colspan=\"2\" align=\"left\" valign=\"top\"><\/td>\n<\/tr>\n<tr>\n<td colspan=\"2\" align=\"left\" valign=\"top\">\n<h3>Hypnotis\u00f6ren H\u00e5kan K\u00e4llving <a href=\"https:\/\/www.youtube.com\/watch?v=9G-3WSynQr4\">f\u00f6rklarar hypnos i TV Nord<\/a><\/h3>\n<\/td>\n<\/tr>\n<tr>\n<td align=\"left\" valign=\"top\"><object width=\"480\" height=\"385\" classid=\"clsid:d27cdb6e-ae6d-11cf-96b8-444553540000\" codebase=\"https:\/\/download.macromedia.com\/pub\/shockwave\/cabs\/flash\/swflash.cab#version=6,0,40,0\"><param name=\"allowFullScreen\" value=\"true\" \/><param name=\"allowscriptaccess\" value=\"always\" \/><param name=\"src\" value=\"https:\/\/www.youtube.com\/v\/9G-3WSynQr4&amp;hl=sv_SE&amp;fs=1?rel=0&amp;color1=0x006699&amp;color2=0x54abd6\" \/><param name=\"allowfullscreen\" value=\"true\" \/><embed type=\"application\/x-shockwave-flash\" src=\"https:\/\/www.youtube.com\/v\/9G-3WSynQr4&amp;hl=sv_SE&amp;fs=1?rel=0&amp;color1=0x006699&amp;color2=0x54abd6\" allowfullscreen=\"allowfullscreen\" allowscriptaccess=\"always\" width=\"480\" height=\"385\" \/><\/object><\/td>\n<\/tr>\n<tr>\n<td style=\"padding-left: 10px; padding-right: 10px;\" align=\"left\" valign=\"top\">I ett skolprojekt av mediestudenter intervjuas hypnotis\u00f6ren H\u00e5kan K\u00e4llving och svarar p\u00e5 fr\u00e5gor kring hypnos, sinnet och flera av de missf\u00f6rst\u00e5nd som finns om \u00e4mnet.En av eleverna blir \u00e4ven hypnotiserad f\u00f6r att praktiskt och subjektivt pr\u00f6va p\u00e5 hur hypnos k\u00e4nns.<\/td>\n<\/tr>\n<tr>\n<td colspan=\"2\" align=\"left\" valign=\"top\"><\/td>\n<\/tr>\n<tr>\n<td colspan=\"2\" align=\"left\" valign=\"top\" height=\"46\"><span style=\"font-size: 22px;\"><strong>Tidningar &amp; tidskrifter<\/strong><\/span><\/td>\n<\/tr>\n<tr>\n<td colspan=\"2\" align=\"left\" valign=\"top\">\n<h3><a id=\"fitnessmagazine\" name=\"fitnessmagazine\"><\/a>&#8221;Toppa formen med hypnos&#8221; &#8211; artikel i Fitness Magazine nr 5\/2007<\/h3>\n<\/td>\n<\/tr>\n<tr>\n<td colspan=\"2\" align=\"left\" valign=\"top\"><iframe loading=\"lazy\" src=\"https:\/\/www.hypnosinstitutet.com\/sv\/wp-content\/fitness.pdf\" width=\"100%\" height=\"1000\" frameborder=\"0\"><\/iframe><\/td>\n<\/tr>\n<tr>\n<td colspan=\"2\" align=\"left\" valign=\"top\"><\/td>\n<\/tr>\n<tr>\n<td colspan=\"2\" align=\"left\" valign=\"top\"><\/td>\n<\/tr>\n<tr>\n<td colspan=\"2\" align=\"left\" valign=\"top\">\n<h3>&#8221;Nyfiken p\u00e5 Hypnos&#8221; &#8211; artikel i Kollega 2010-06-30<\/h3>\n<\/td>\n<\/tr>\n<tr>\n<td colspan=\"2\" align=\"left\" valign=\"top\"><iframe loading=\"lazy\" src=\"https:\/\/www.hypnosinstitutet.com\/sv\/wp-content\/kollega.pdf\" width=\"100%\" height=\"1000\" frameborder=\"0\"><\/iframe><\/td>\n<\/tr>\n<tr>\n<td colspan=\"2\" align=\"left\" valign=\"top\"><a title=\"L\u00e4s artikeln p\u00e5 Kollegas webbplats\" href=\"https:\/\/kollega.se\/halsa\/hypnos\" target=\"_blank\" rel=\"noopener noreferrer\">K\u00e4lla: kollega.se<\/a><\/td>\n<\/tr>\n<tr>\n<td colspan=\"2\" align=\"left\" valign=\"top\"><\/td>\n<\/tr>\n<\/tbody>\n<\/table>\n","protected":false},"excerpt":{"rendered":"<p>Video &amp; artiklar med hypnos Hypnos &#8211; Josefin Crafoord blir hypnotiserad live i direkts\u00e4ndning av hypnotis\u00f6ren H\u00e5kan K\u00e4llving I augusti 2009 anordnade IKEA en kampanj, &#8221;Sveriges tr\u00f6ttaste t\u00e4vling&#8221;, som gick ut p\u00e5 att deltagarna i t\u00e4vlingen skulle h\u00e5lla sig vakna s\u00e5 l\u00e4nge som m\u00f6jligt i s\u00e4ngen fr\u00e5n deras nya kollektion.H\u00e5kan K\u00e4llving, certifierad klinisk hypnosterapeut, bj\u00f6ds&#8230;<\/p>\n","protected":false},"author":1,"featured_media":0,"parent":0,"menu_order":8,"comment_status":"open","ping_status":"open","template":"","meta":{"footnotes":""},"class_list":["post-67","page","type-page","status-publish","hentry"],"yoast_head":"<!-- This site is optimized with the Yoast SEO plugin v27.5 - https:\/\/yoast.com\/product\/yoast-seo-wordpress\/ -->\n<title>Media - Hypnosinstitutet i Stockholm<\/title>\n<meta name=\"robots\" content=\"index, follow, max-snippet:-1, max-image-preview:large, max-video-preview:-1\" \/>\n<link rel=\"canonical\" href=\"https:\/\/www.hypnosinstitutet.com\/sv\/media\" \/>\n<meta property=\"og:locale\" content=\"sv_SE\" \/>\n<meta property=\"og:type\" content=\"article\" \/>\n<meta property=\"og:title\" content=\"Media - Hypnosinstitutet i Stockholm\" \/>\n<meta property=\"og:description\" content=\"Video &amp; artiklar med hypnos Hypnos &#8211; Josefin Crafoord blir hypnotiserad live i direkts\u00e4ndning av hypnotis\u00f6ren H\u00e5kan K\u00e4llving I augusti 2009 anordnade IKEA en kampanj, &#8221;Sveriges tr\u00f6ttaste t\u00e4vling&#8221;, som gick ut p\u00e5 att deltagarna i t\u00e4vlingen skulle h\u00e5lla sig vakna s\u00e5 l\u00e4nge som m\u00f6jligt i s\u00e4ngen fr\u00e5n deras nya kollektion.H\u00e5kan K\u00e4llving, certifierad klinisk hypnosterapeut, bj\u00f6ds...\" \/>\n<meta property=\"og:url\" content=\"https:\/\/www.hypnosinstitutet.com\/sv\/media\" \/>\n<meta property=\"og:site_name\" content=\"Hypnosinstitutet i Stockholm\" \/>\n<meta property=\"article:modified_time\" content=\"2026-03-18T22:51:33+00:00\" \/>\n<meta name=\"twitter:card\" content=\"summary_large_image\" \/>\n<meta name=\"twitter:label1\" content=\"Ber\u00e4knad l\u00e4stid\" \/>\n\t<meta name=\"twitter:data1\" content=\"2 minuter\" \/>\n<script type=\"application\/ld+json\" class=\"yoast-schema-graph\">{\"@context\":\"https:\\\/\\\/schema.org\",\"@graph\":[{\"@type\":\"WebPage\",\"@id\":\"https:\\\/\\\/www.hypnosinstitutet.com\\\/sv\\\/media\",\"url\":\"https:\\\/\\\/www.hypnosinstitutet.com\\\/sv\\\/media\",\"name\":\"Media - Hypnosinstitutet i Stockholm\",\"isPartOf\":{\"@id\":\"https:\\\/\\\/www.hypnosinstitutet.com\\\/sv\\\/#website\"},\"datePublished\":\"2010-07-28T16:07:59+00:00\",\"dateModified\":\"2026-03-18T22:51:33+00:00\",\"breadcrumb\":{\"@id\":\"https:\\\/\\\/www.hypnosinstitutet.com\\\/sv\\\/media#breadcrumb\"},\"inLanguage\":\"sv-SE\",\"potentialAction\":[{\"@type\":\"ReadAction\",\"target\":[\"https:\\\/\\\/www.hypnosinstitutet.com\\\/sv\\\/media\"]}]},{\"@type\":\"BreadcrumbList\",\"@id\":\"https:\\\/\\\/www.hypnosinstitutet.com\\\/sv\\\/media#breadcrumb\",\"itemListElement\":[{\"@type\":\"ListItem\",\"position\":1,\"name\":\"Hem\",\"item\":\"https:\\\/\\\/www.hypnosinstitutet.com\\\/sv\\\/\"},{\"@type\":\"ListItem\",\"position\":2,\"name\":\"Media\"}]},{\"@type\":\"WebSite\",\"@id\":\"https:\\\/\\\/www.hypnosinstitutet.com\\\/sv\\\/#website\",\"url\":\"https:\\\/\\\/www.hypnosinstitutet.com\\\/sv\\\/\",\"name\":\"Hypnosinstitutet\",\"description\":\"Hypnos &amp; sj\u00e4lvhypnos f\u00f6r personlig f\u00f6r\u00e4ndring\",\"publisher\":{\"@id\":\"https:\\\/\\\/www.hypnosinstitutet.com\\\/sv\\\/#\\\/schema\\\/person\\\/708ecc4150f6e100a36c97043a1a5d57\"},\"potentialAction\":[{\"@type\":\"SearchAction\",\"target\":{\"@type\":\"EntryPoint\",\"urlTemplate\":\"https:\\\/\\\/www.hypnosinstitutet.com\\\/sv\\\/?s={search_term_string}\"},\"query-input\":{\"@type\":\"PropertyValueSpecification\",\"valueRequired\":true,\"valueName\":\"search_term_string\"}}],\"inLanguage\":\"sv-SE\"},{\"@type\":[\"Person\",\"Organization\"],\"@id\":\"https:\\\/\\\/www.hypnosinstitutet.com\\\/sv\\\/#\\\/schema\\\/person\\\/708ecc4150f6e100a36c97043a1a5d57\",\"name\":\"H\u00e5kan K\u00e4llving\",\"image\":{\"@type\":\"ImageObject\",\"inLanguage\":\"sv-SE\",\"@id\":\"https:\\\/\\\/www.hypnosinstitutet.com\\\/sv\\\/wp-content\\\/uploads\\\/2016\\\/04\\\/IMG.jpg\",\"url\":\"https:\\\/\\\/www.hypnosinstitutet.com\\\/sv\\\/wp-content\\\/uploads\\\/2016\\\/04\\\/IMG.jpg\",\"contentUrl\":\"https:\\\/\\\/www.hypnosinstitutet.com\\\/sv\\\/wp-content\\\/uploads\\\/2016\\\/04\\\/IMG.jpg\",\"width\":2054,\"height\":2053,\"caption\":\"H\u00e5kan K\u00e4llving\"},\"logo\":{\"@id\":\"https:\\\/\\\/www.hypnosinstitutet.com\\\/sv\\\/wp-content\\\/uploads\\\/2016\\\/04\\\/IMG.jpg\"},\"sameAs\":[\"https:\\\/\\\/www.hypnosinstitutet.com\"]}]}<\/script>\n<!-- \/ Yoast SEO plugin. -->","yoast_head_json":{"title":"Media - Hypnosinstitutet i Stockholm","robots":{"index":"index","follow":"follow","max-snippet":"max-snippet:-1","max-image-preview":"max-image-preview:large","max-video-preview":"max-video-preview:-1"},"canonical":"https:\/\/www.hypnosinstitutet.com\/sv\/media","og_locale":"sv_SE","og_type":"article","og_title":"Media - Hypnosinstitutet i Stockholm","og_description":"Video &amp; artiklar med hypnos Hypnos &#8211; Josefin Crafoord blir hypnotiserad live i direkts\u00e4ndning av hypnotis\u00f6ren H\u00e5kan K\u00e4llving I augusti 2009 anordnade IKEA en kampanj, &#8221;Sveriges tr\u00f6ttaste t\u00e4vling&#8221;, som gick ut p\u00e5 att deltagarna i t\u00e4vlingen skulle h\u00e5lla sig vakna s\u00e5 l\u00e4nge som m\u00f6jligt i s\u00e4ngen fr\u00e5n deras nya kollektion.H\u00e5kan K\u00e4llving, certifierad klinisk hypnosterapeut, bj\u00f6ds...","og_url":"https:\/\/www.hypnosinstitutet.com\/sv\/media","og_site_name":"Hypnosinstitutet i Stockholm","article_modified_time":"2026-03-18T22:51:33+00:00","twitter_card":"summary_large_image","twitter_misc":{"Ber\u00e4knad l\u00e4stid":"2 minuter"},"schema":{"@context":"https:\/\/schema.org","@graph":[{"@type":"WebPage","@id":"https:\/\/www.hypnosinstitutet.com\/sv\/media","url":"https:\/\/www.hypnosinstitutet.com\/sv\/media","name":"Media - Hypnosinstitutet i Stockholm","isPartOf":{"@id":"https:\/\/www.hypnosinstitutet.com\/sv\/#website"},"datePublished":"2010-07-28T16:07:59+00:00","dateModified":"2026-03-18T22:51:33+00:00","breadcrumb":{"@id":"https:\/\/www.hypnosinstitutet.com\/sv\/media#breadcrumb"},"inLanguage":"sv-SE","potentialAction":[{"@type":"ReadAction","target":["https:\/\/www.hypnosinstitutet.com\/sv\/media"]}]},{"@type":"BreadcrumbList","@id":"https:\/\/www.hypnosinstitutet.com\/sv\/media#breadcrumb","itemListElement":[{"@type":"ListItem","position":1,"name":"Hem","item":"https:\/\/www.hypnosinstitutet.com\/sv\/"},{"@type":"ListItem","position":2,"name":"Media"}]},{"@type":"WebSite","@id":"https:\/\/www.hypnosinstitutet.com\/sv\/#website","url":"https:\/\/www.hypnosinstitutet.com\/sv\/","name":"Hypnosinstitutet","description":"Hypnos &amp; sj\u00e4lvhypnos f\u00f6r personlig f\u00f6r\u00e4ndring","publisher":{"@id":"https:\/\/www.hypnosinstitutet.com\/sv\/#\/schema\/person\/708ecc4150f6e100a36c97043a1a5d57"},"potentialAction":[{"@type":"SearchAction","target":{"@type":"EntryPoint","urlTemplate":"https:\/\/www.hypnosinstitutet.com\/sv\/?s={search_term_string}"},"query-input":{"@type":"PropertyValueSpecification","valueRequired":true,"valueName":"search_term_string"}}],"inLanguage":"sv-SE"},{"@type":["Person","Organization"],"@id":"https:\/\/www.hypnosinstitutet.com\/sv\/#\/schema\/person\/708ecc4150f6e100a36c97043a1a5d57","name":"H\u00e5kan K\u00e4llving","image":{"@type":"ImageObject","inLanguage":"sv-SE","@id":"https:\/\/www.hypnosinstitutet.com\/sv\/wp-content\/uploads\/2016\/04\/IMG.jpg","url":"https:\/\/www.hypnosinstitutet.com\/sv\/wp-content\/uploads\/2016\/04\/IMG.jpg","contentUrl":"https:\/\/www.hypnosinstitutet.com\/sv\/wp-content\/uploads\/2016\/04\/IMG.jpg","width":2054,"height":2053,"caption":"H\u00e5kan K\u00e4llving"},"logo":{"@id":"https:\/\/www.hypnosinstitutet.com\/sv\/wp-content\/uploads\/2016\/04\/IMG.jpg"},"sameAs":["https:\/\/www.hypnosinstitutet.com"]}]}},"_links":{"self":[{"href":"https:\/\/www.hypnosinstitutet.com\/sv\/wp-json\/wp\/v2\/pages\/67","targetHints":{"allow":["GET"]}}],"collection":[{"href":"https:\/\/www.hypnosinstitutet.com\/sv\/wp-json\/wp\/v2\/pages"}],"about":[{"href":"https:\/\/www.hypnosinstitutet.com\/sv\/wp-json\/wp\/v2\/types\/page"}],"author":[{"embeddable":true,"href":"https:\/\/www.hypnosinstitutet.com\/sv\/wp-json\/wp\/v2\/users\/1"}],"replies":[{"embeddable":true,"href":"https:\/\/www.hypnosinstitutet.com\/sv\/wp-json\/wp\/v2\/comments?post=67"}],"version-history":[{"count":46,"href":"https:\/\/www.hypnosinstitutet.com\/sv\/wp-json\/wp\/v2\/pages\/67\/revisions"}],"predecessor-version":[{"id":1023,"href":"https:\/\/www.hypnosinstitutet.com\/sv\/wp-json\/wp\/v2\/pages\/67\/revisions\/1023"}],"wp:attachment":[{"href":"https:\/\/www.hypnosinstitutet.com\/sv\/wp-json\/wp\/v2\/media?parent=67"}],"curies":[{"name":"wp","href":"https:\/\/api.w.org\/{rel}","templated":true}]}}