{"id":680,"date":"2026-02-14T04:25:07","date_gmt":"2026-02-14T02:25:07","guid":{"rendered":"https:\/\/www.hypnosinstitutet.com\/sv\/?page_id=680"},"modified":"2026-04-08T18:33:07","modified_gmt":"2026-04-08T16:33:07","slug":"startsida","status":"publish","type":"page","link":"https:\/\/www.hypnosinstitutet.com\/sv\/","title":{"rendered":"Hypnosinstitutet i Stockholm"},"content":{"rendered":"<p>Vad du \u00e4n b\u00e4r p\u00e5, vill f\u00f6r\u00e4ndra eller uppn\u00e5 \u2014 g\u00e5r v\u00e4gen via <a href=\"https:\/\/www.hypnosinstitutet.com\/sv\/det-undermedvetna\">det undermedvetna<\/a>. Det \u00e4r d\u00e4r m\u00f6nstren sitter, blockeringarna l\u00f6ses upp och verklig <a href=\"https:\/\/www.hypnosinstitutet.com\/sv\/forandring\">f\u00f6r\u00e4ndring<\/a> b\u00f6rjar.<\/p>\n<p><img decoding=\"async\" src=\"https:\/\/www.hypnosinstitutet.com\/images\/hakan.png\" alt=\"H\u00e5kan K\u00e4llving\" \/><\/p>\n<h2>F\u00f6r\u00e4ndring d\u00e4r den verkligen sker<\/h2>\n<p>Arbetet som sker h\u00e4r g\u00e5r djupare \u00e4n de flesta metoder ens n\u00e5r. Det bygger p\u00e5 Gil Boynes Transforming Therapy&#x2122; \u2014 och det n\u00e5r dit resultaten faktiskt avg\u00f6rs. Inte genom att prata om det. Utan genom att f\u00f6r\u00e4ndra det d\u00e4r det sitter.<\/p>\n<p>Det \u00e4r d\u00e4rf\u00f6r m\u00e4nniskor som provat allt annat oftast upplever skillnad h\u00e4r. Samtidigt kan den som redan presterar n\u00e5 sin fulla potential.<\/p>\n<h2>N\u00e4sta steg \u00e4r enkelt<\/h2>\n<p>Ett kort inledande samtal. Du ber\u00e4ttar vad du vill uppn\u00e5, f\u00f6r\u00e4ndra eller bli fri fr\u00e5n. Tillsammans f\u00e5r vi klarhet i hur vi g\u00e5r vidare.<\/p>\n<p style=\"text-align: center;\">Ring direkt: &#x1f4de;<\/p>\n<p style=\"text-align: center;\"><a style=\"display: inline-block; background: #000; color: #fff; padding: 12px 22px; text-decoration: none; font-weight: bold;\" href=\"tel:086002900\">08-600 29 00<\/a><\/p>\n<p style=\"text-align: center;\">Hypnosinstitutet varken behandlar, diagnostiserar eller f\u00f6reskriver. Hypnosterapi ers\u00e4tter inte kontakt med legitimerad h\u00e4lso- och sjukv\u00e5rdspersonal.<\/p>\n","protected":false},"excerpt":{"rendered":"<p>Vad du \u00e4n b\u00e4r p\u00e5, vill f\u00f6r\u00e4ndra eller uppn\u00e5 \u2014 g\u00e5r v\u00e4gen via det undermedvetna. Det \u00e4r d\u00e4r m\u00f6nstren sitter, blockeringarna l\u00f6ses upp och verklig f\u00f6r\u00e4ndring b\u00f6rjar. F\u00f6r\u00e4ndring d\u00e4r den verkligen sker Arbetet som sker h\u00e4r g\u00e5r djupare \u00e4n de flesta metoder ens n\u00e5r. Det bygger p\u00e5 Gil Boynes Transforming Therapy&#x2122; \u2014 och det n\u00e5r&#8230;<\/p>\n","protected":false},"author":1,"featured_media":0,"parent":0,"menu_order":0,"comment_status":"closed","ping_status":"closed","template":"","meta":{"footnotes":""},"class_list":["post-680","page","type-page","status-publish","hentry"],"yoast_head":"<!-- This site is optimized with the Yoast SEO plugin v27.4 - https:\/\/yoast.com\/product\/yoast-seo-wordpress\/ -->\n<title>Hypnosinstitutet i Stockholm \u2013 Hypnosterapi &amp; det undermedvetna<\/title>\n<meta name=\"description\" content=\"Hypnosinstitutet i Stockholm hj\u00e4lper dig att f\u00f6r\u00e4ndra det som h\u00e5ller dig tillbaka och uppn\u00e5 djupg\u00e5ende f\u00f6r\u00e4ndring genom det undermedvetna.\" \/>\n<meta name=\"robots\" content=\"index, follow, max-snippet:-1, max-image-preview:large, max-video-preview:-1\" \/>\n<link rel=\"canonical\" href=\"https:\/\/www.hypnosinstitutet.com\/sv\/\" \/>\n<meta property=\"og:locale\" content=\"sv_SE\" \/>\n<meta property=\"og:type\" content=\"article\" \/>\n<meta property=\"og:title\" content=\"Hypnosinstitutet i Stockholm \u2013 Hypnosterapi &amp; det undermedvetna\" \/>\n<meta property=\"og:description\" content=\"Hypnosinstitutet i Stockholm hj\u00e4lper dig att f\u00f6r\u00e4ndra det som h\u00e5ller dig tillbaka och uppn\u00e5 djupg\u00e5ende f\u00f6r\u00e4ndring genom det undermedvetna.\" \/>\n<meta property=\"og:url\" content=\"https:\/\/www.hypnosinstitutet.com\/sv\/\" \/>\n<meta property=\"og:site_name\" content=\"Hypnosinstitutet i Stockholm\" \/>\n<meta property=\"article:modified_time\" content=\"2026-04-08T16:33:07+00:00\" \/>\n<meta property=\"og:image\" content=\"https:\/\/www.hypnosinstitutet.com\/images\/hakan.png\" \/>\n<meta name=\"twitter:card\" content=\"summary_large_image\" \/>\n<meta name=\"twitter:label1\" content=\"Ber\u00e4knad l\u00e4stid\" \/>\n\t<meta name=\"twitter:data1\" content=\"1 minut\" \/>\n<script type=\"application\/ld+json\" class=\"yoast-schema-graph\">{\"@context\":\"https:\\\/\\\/schema.org\",\"@graph\":[{\"@type\":\"WebPage\",\"@id\":\"https:\\\/\\\/www.hypnosinstitutet.com\\\/sv\\\/\",\"url\":\"https:\\\/\\\/www.hypnosinstitutet.com\\\/sv\\\/\",\"name\":\"Hypnosinstitutet i Stockholm \u2013 Hypnosterapi & det undermedvetna\",\"isPartOf\":{\"@id\":\"https:\\\/\\\/www.hypnosinstitutet.com\\\/sv\\\/#website\"},\"primaryImageOfPage\":{\"@id\":\"https:\\\/\\\/www.hypnosinstitutet.com\\\/sv\\\/#primaryimage\"},\"image\":{\"@id\":\"https:\\\/\\\/www.hypnosinstitutet.com\\\/sv\\\/#primaryimage\"},\"thumbnailUrl\":\"https:\\\/\\\/www.hypnosinstitutet.com\\\/images\\\/hakan.png\",\"datePublished\":\"2026-02-14T02:25:07+00:00\",\"dateModified\":\"2026-04-08T16:33:07+00:00\",\"description\":\"Hypnosinstitutet i Stockholm hj\u00e4lper dig att f\u00f6r\u00e4ndra det som h\u00e5ller dig tillbaka och uppn\u00e5 djupg\u00e5ende f\u00f6r\u00e4ndring genom det undermedvetna.\",\"breadcrumb\":{\"@id\":\"https:\\\/\\\/www.hypnosinstitutet.com\\\/sv\\\/#breadcrumb\"},\"inLanguage\":\"sv-SE\",\"potentialAction\":[{\"@type\":\"ReadAction\",\"target\":[\"https:\\\/\\\/www.hypnosinstitutet.com\\\/sv\\\/\"]}]},{\"@type\":\"ImageObject\",\"inLanguage\":\"sv-SE\",\"@id\":\"https:\\\/\\\/www.hypnosinstitutet.com\\\/sv\\\/#primaryimage\",\"url\":\"https:\\\/\\\/www.hypnosinstitutet.com\\\/images\\\/hakan.png\",\"contentUrl\":\"https:\\\/\\\/www.hypnosinstitutet.com\\\/images\\\/hakan.png\"},{\"@type\":\"BreadcrumbList\",\"@id\":\"https:\\\/\\\/www.hypnosinstitutet.com\\\/sv\\\/#breadcrumb\",\"itemListElement\":[{\"@type\":\"ListItem\",\"position\":1,\"name\":\"Hem\",\"item\":\"https:\\\/\\\/www.hypnosinstitutet.com\\\/sv\\\/\"},{\"@type\":\"ListItem\",\"position\":2,\"name\":\"Hypnosinstitutet i Stockholm\"}]},{\"@type\":\"WebSite\",\"@id\":\"https:\\\/\\\/www.hypnosinstitutet.com\\\/sv\\\/#website\",\"url\":\"https:\\\/\\\/www.hypnosinstitutet.com\\\/sv\\\/\",\"name\":\"Hypnosinstitutet\",\"description\":\"Hypnos &amp; sj\u00e4lvhypnos f\u00f6r personlig f\u00f6r\u00e4ndring\",\"publisher\":{\"@id\":\"https:\\\/\\\/www.hypnosinstitutet.com\\\/sv\\\/#\\\/schema\\\/person\\\/708ecc4150f6e100a36c97043a1a5d57\"},\"potentialAction\":[{\"@type\":\"SearchAction\",\"target\":{\"@type\":\"EntryPoint\",\"urlTemplate\":\"https:\\\/\\\/www.hypnosinstitutet.com\\\/sv\\\/?s={search_term_string}\"},\"query-input\":{\"@type\":\"PropertyValueSpecification\",\"valueRequired\":true,\"valueName\":\"search_term_string\"}}],\"inLanguage\":\"sv-SE\"},{\"@type\":[\"Person\",\"Organization\"],\"@id\":\"https:\\\/\\\/www.hypnosinstitutet.com\\\/sv\\\/#\\\/schema\\\/person\\\/708ecc4150f6e100a36c97043a1a5d57\",\"name\":\"H\u00e5kan K\u00e4llving\",\"image\":{\"@type\":\"ImageObject\",\"inLanguage\":\"sv-SE\",\"@id\":\"https:\\\/\\\/www.hypnosinstitutet.com\\\/sv\\\/wp-content\\\/uploads\\\/2016\\\/04\\\/IMG.jpg\",\"url\":\"https:\\\/\\\/www.hypnosinstitutet.com\\\/sv\\\/wp-content\\\/uploads\\\/2016\\\/04\\\/IMG.jpg\",\"contentUrl\":\"https:\\\/\\\/www.hypnosinstitutet.com\\\/sv\\\/wp-content\\\/uploads\\\/2016\\\/04\\\/IMG.jpg\",\"width\":2054,\"height\":2053,\"caption\":\"H\u00e5kan K\u00e4llving\"},\"logo\":{\"@id\":\"https:\\\/\\\/www.hypnosinstitutet.com\\\/sv\\\/wp-content\\\/uploads\\\/2016\\\/04\\\/IMG.jpg\"},\"sameAs\":[\"https:\\\/\\\/www.hypnosinstitutet.com\"]}]}<\/script>\n<!-- \/ Yoast SEO plugin. -->","yoast_head_json":{"title":"Hypnosinstitutet i Stockholm \u2013 Hypnosterapi & det undermedvetna","description":"Hypnosinstitutet i Stockholm hj\u00e4lper dig att f\u00f6r\u00e4ndra det som h\u00e5ller dig tillbaka och uppn\u00e5 djupg\u00e5ende f\u00f6r\u00e4ndring genom det undermedvetna.","robots":{"index":"index","follow":"follow","max-snippet":"max-snippet:-1","max-image-preview":"max-image-preview:large","max-video-preview":"max-video-preview:-1"},"canonical":"https:\/\/www.hypnosinstitutet.com\/sv\/","og_locale":"sv_SE","og_type":"article","og_title":"Hypnosinstitutet i Stockholm \u2013 Hypnosterapi & det undermedvetna","og_description":"Hypnosinstitutet i Stockholm hj\u00e4lper dig att f\u00f6r\u00e4ndra det som h\u00e5ller dig tillbaka och uppn\u00e5 djupg\u00e5ende f\u00f6r\u00e4ndring genom det undermedvetna.","og_url":"https:\/\/www.hypnosinstitutet.com\/sv\/","og_site_name":"Hypnosinstitutet i Stockholm","article_modified_time":"2026-04-08T16:33:07+00:00","og_image":[{"url":"https:\/\/www.hypnosinstitutet.com\/images\/hakan.png","type":"","width":"","height":""}],"twitter_card":"summary_large_image","twitter_misc":{"Ber\u00e4knad l\u00e4stid":"1 minut"},"schema":{"@context":"https:\/\/schema.org","@graph":[{"@type":"WebPage","@id":"https:\/\/www.hypnosinstitutet.com\/sv\/","url":"https:\/\/www.hypnosinstitutet.com\/sv\/","name":"Hypnosinstitutet i Stockholm \u2013 Hypnosterapi & det undermedvetna","isPartOf":{"@id":"https:\/\/www.hypnosinstitutet.com\/sv\/#website"},"primaryImageOfPage":{"@id":"https:\/\/www.hypnosinstitutet.com\/sv\/#primaryimage"},"image":{"@id":"https:\/\/www.hypnosinstitutet.com\/sv\/#primaryimage"},"thumbnailUrl":"https:\/\/www.hypnosinstitutet.com\/images\/hakan.png","datePublished":"2026-02-14T02:25:07+00:00","dateModified":"2026-04-08T16:33:07+00:00","description":"Hypnosinstitutet i Stockholm hj\u00e4lper dig att f\u00f6r\u00e4ndra det som h\u00e5ller dig tillbaka och uppn\u00e5 djupg\u00e5ende f\u00f6r\u00e4ndring genom det undermedvetna.","breadcrumb":{"@id":"https:\/\/www.hypnosinstitutet.com\/sv\/#breadcrumb"},"inLanguage":"sv-SE","potentialAction":[{"@type":"ReadAction","target":["https:\/\/www.hypnosinstitutet.com\/sv\/"]}]},{"@type":"ImageObject","inLanguage":"sv-SE","@id":"https:\/\/www.hypnosinstitutet.com\/sv\/#primaryimage","url":"https:\/\/www.hypnosinstitutet.com\/images\/hakan.png","contentUrl":"https:\/\/www.hypnosinstitutet.com\/images\/hakan.png"},{"@type":"BreadcrumbList","@id":"https:\/\/www.hypnosinstitutet.com\/sv\/#breadcrumb","itemListElement":[{"@type":"ListItem","position":1,"name":"Hem","item":"https:\/\/www.hypnosinstitutet.com\/sv\/"},{"@type":"ListItem","position":2,"name":"Hypnosinstitutet i Stockholm"}]},{"@type":"WebSite","@id":"https:\/\/www.hypnosinstitutet.com\/sv\/#website","url":"https:\/\/www.hypnosinstitutet.com\/sv\/","name":"Hypnosinstitutet","description":"Hypnos &amp; sj\u00e4lvhypnos f\u00f6r personlig f\u00f6r\u00e4ndring","publisher":{"@id":"https:\/\/www.hypnosinstitutet.com\/sv\/#\/schema\/person\/708ecc4150f6e100a36c97043a1a5d57"},"potentialAction":[{"@type":"SearchAction","target":{"@type":"EntryPoint","urlTemplate":"https:\/\/www.hypnosinstitutet.com\/sv\/?s={search_term_string}"},"query-input":{"@type":"PropertyValueSpecification","valueRequired":true,"valueName":"search_term_string"}}],"inLanguage":"sv-SE"},{"@type":["Person","Organization"],"@id":"https:\/\/www.hypnosinstitutet.com\/sv\/#\/schema\/person\/708ecc4150f6e100a36c97043a1a5d57","name":"H\u00e5kan K\u00e4llving","image":{"@type":"ImageObject","inLanguage":"sv-SE","@id":"https:\/\/www.hypnosinstitutet.com\/sv\/wp-content\/uploads\/2016\/04\/IMG.jpg","url":"https:\/\/www.hypnosinstitutet.com\/sv\/wp-content\/uploads\/2016\/04\/IMG.jpg","contentUrl":"https:\/\/www.hypnosinstitutet.com\/sv\/wp-content\/uploads\/2016\/04\/IMG.jpg","width":2054,"height":2053,"caption":"H\u00e5kan K\u00e4llving"},"logo":{"@id":"https:\/\/www.hypnosinstitutet.com\/sv\/wp-content\/uploads\/2016\/04\/IMG.jpg"},"sameAs":["https:\/\/www.hypnosinstitutet.com"]}]}},"_links":{"self":[{"href":"https:\/\/www.hypnosinstitutet.com\/sv\/wp-json\/wp\/v2\/pages\/680","targetHints":{"allow":["GET"]}}],"collection":[{"href":"https:\/\/www.hypnosinstitutet.com\/sv\/wp-json\/wp\/v2\/pages"}],"about":[{"href":"https:\/\/www.hypnosinstitutet.com\/sv\/wp-json\/wp\/v2\/types\/page"}],"author":[{"embeddable":true,"href":"https:\/\/www.hypnosinstitutet.com\/sv\/wp-json\/wp\/v2\/users\/1"}],"replies":[{"embeddable":true,"href":"https:\/\/www.hypnosinstitutet.com\/sv\/wp-json\/wp\/v2\/comments?post=680"}],"version-history":[{"count":140,"href":"https:\/\/www.hypnosinstitutet.com\/sv\/wp-json\/wp\/v2\/pages\/680\/revisions"}],"predecessor-version":[{"id":1138,"href":"https:\/\/www.hypnosinstitutet.com\/sv\/wp-json\/wp\/v2\/pages\/680\/revisions\/1138"}],"wp:attachment":[{"href":"https:\/\/www.hypnosinstitutet.com\/sv\/wp-json\/wp\/v2\/media?parent=680"}],"curies":[{"name":"wp","href":"https:\/\/api.w.org\/{rel}","templated":true}]}}